{"id":1016,"date":"2016-02-26T13:08:07","date_gmt":"2016-02-26T12:08:07","guid":{"rendered":"http:\/\/businessangelinstitute.org\/?page_id=1016"},"modified":"2022-03-28T15:02:14","modified_gmt":"2022-03-28T13:02:14","slug":"teilnehmer","status":"publish","type":"page","link":"https:\/\/businessangelinstitute.org\/de\/kurse\/teilnehmer\/","title":{"rendered":"Teilnehmer"},"content":{"rendered":"<\/div><\/div><\/div><!-- close content main div --><\/div><\/div><div id='av_section_1' class='avia-section main_color avia-section-no-padding avia-no-shadow avia-full-stretch avia-bg-style-fixed   av-minimum-height av-minimum-height-50 container_wrap fullsize' style = 'background-repeat: no-repeat; background-image: url(https:\/\/businessangelinstitute.org\/de\/wp-content\/uploads\/sites\/10\/BAI-Teilnehmer.png);background-attachment: fixed; background-position: bottom center; ' data-section-bg-repeat='stretch' ><div class='container' ><div class='template-page content  av-content-full alpha units'><div class='post-entry post-entry-type-page post-entry-1016'><div class='entry-content-wrapper clearfix'>\n<div style='padding-bottom:0px; color:#ffffff;font-size:50px;' class='av-special-heading av-special-heading-h3 custom-color-heading blockquote modern-quote modern-centered  av-inherit-size '><h3 class='av-special-heading-tag '  itemprop=\"headline\"  >Teilnehmer<\/h3><div class ='av-subheading av-subheading_below av_custom_color ' style='font-size:15px;'><p>Wer profitiert von unserem Programm<\/p>\n<\/div><div class='special-heading-border'><div class='special-heading-inner-border' style='border-color:#ffffff'><\/div><\/div><\/div>\n<\/div><\/div><\/div><!-- close content main div --><\/div><\/div><div id='av_section_2' class='avia-section alternate_color avia-section-default avia-no-border-styling avia-bg-style-scroll   container_wrap fullsize' style = 'background-color: #f4752b; background-image: '  ><div class='container' ><div class='template-page content  av-content-full alpha units'><div class='post-entry post-entry-type-page post-entry-1016'><div class='entry-content-wrapper clearfix'>\n<section class=\"av_textblock_section \"  itemscope=\"itemscope\" itemtype=\"https:\/\/schema.org\/CreativeWork\" ><div class='avia_textblock  '   itemprop=\"text\" ><h4>Die Kombination von finanziellen Investitionen mit aktiver Unterst\u00fctzung (&#8222;smart money&#8220;) bedingt den Bedarf an einzigartigen F\u00e4higkeiten in einem sich ver\u00e4ndernden regulatorischen Umfeld. Aus diesem Grund organisiert das Business Angel Institute ein spezielles Ausbildungsprogramm &#8211; Das <a href=\"https:\/\/businessangelinstitute.org\/de\/programme-2\/details\/\">Certified Business Angel Training Programm.<\/a><\/h4>\n<\/div><\/section>\n<\/p>\n<\/div><\/div><\/div><!-- close content main div --><\/div><\/div><div id='av_section_3' class='avia-section main_color avia-section-default avia-no-border-styling avia-bg-style-scroll   container_wrap fullsize' style = 'background-image: '  ><div class='container' ><div class='template-page content  av-content-full alpha units'><div class='post-entry post-entry-type-page post-entry-1016'><div class='entry-content-wrapper clearfix'>\n<section class=\"av_textblock_section \"  itemscope=\"itemscope\" itemtype=\"https:\/\/schema.org\/CreativeWork\" ><div class='avia_textblock  '   itemprop=\"text\" ><p>Unsere Dienstleistungen richten sich in erster Linie an <strong>Personen<\/strong>, die <strong>direkt <\/strong>in<strong> kleine, aber wachstumsorientierte Unternehmen investieren<\/strong>. Sogar <strong>erfahrene Engel<\/strong> werden ihren Horizont erheblich erweitern und ihre Methoden verfeinern, w\u00e4hrend Neueinsteiger (die early-stage Investments noch nie get\u00e4tigt haben) ein gr\u00fcndliches Verst\u00e4ndnis des gesamten Prozesses erhalten. Dabei kommen Angel Investoren\u00a0 aus den verschiedensten Bereichen, wie zum Beispiel:<\/p>\n<ul>\n<li>Personen mit hohem Eigenkapital<\/li>\n<li>Erfolgreiche Unternehmer\/inen, die bereit sind, sich an anderen Unternehmen zu beteiligen<\/li>\n<li>Erfahrene Investor\/inn\/en, die erkannt haben, dass man am neuesten Stand der Zeit und Wissens sein muss, um erfolgreich zu bleiben<\/li>\n<\/ul>\n<\/div><\/section>\n\n<\/div><\/div><\/div><!-- close content main div --><\/div><\/div><div id='av_section_4' class='avia-section main_color avia-section-default avia-no-border-styling avia-bg-style-scroll   container_wrap fullsize' style = 'background-color: #ebe8eb; background-image: '  ><div class='container' ><div class='template-page content  av-content-full alpha units'><div class='post-entry post-entry-type-page post-entry-1016'><div class='entry-content-wrapper clearfix'>\n<section class=\"av_textblock_section \"  itemscope=\"itemscope\" itemtype=\"https:\/\/schema.org\/CreativeWork\" ><div class='avia_textblock  '   itemprop=\"text\" ><p>Eng verwandt sind Vertreter\/innen von Organisationen, die sich mit <strong>Investitionsfragen im Fr\u00fchstadium<\/strong> befassen, \u00e4hnlich denen von Engeln. Solche Organisationen sind zum Beispiel:<\/p>\n<ul>\n<li>Inkubatoren und Acceleratoren<\/li>\n<li>Family Offices, Verm\u00f6gensverwalter und Privatbankiers<\/li>\n<li>Unternehmen auf der Suche nach neuen Wegen zur Innovation<\/li>\n<\/ul>\n<\/div><\/section>\n\n<\/div><\/div><\/div><!-- close content main div --><\/div><\/div><div id='av_section_5' class='avia-section main_color avia-section-default avia-no-border-styling avia-bg-style-scroll   container_wrap fullsize' style = 'background-image: '  ><div class='container' ><div class='template-page content  av-content-full alpha units'><div class='post-entry post-entry-type-page post-entry-1016'><div class='entry-content-wrapper clearfix'>\n<section class=\"av_textblock_section \"  itemscope=\"itemscope\" itemtype=\"https:\/\/schema.org\/CreativeWork\" ><div class='avia_textblock  '   itemprop=\"text\" ><p>Schlie\u00dflich werden die Vertreter\/innen der umliegenden Dienstleistungsindustrie von einem <strong>besseren Verst\u00e4ndnis der Prozesse und Fragen profitieren, die mit Investitionen in der Fr\u00fchphase verbunden sind<\/strong>. Beispiele sind:<\/p>\n<ul>\n<li>Rechtsanw\u00e4lte und Steuerberater<\/li>\n<li>Berater, Coaches, Unternehmensentwickler<\/li>\n<\/ul>\n<\/div><\/section>\n<div  class='hr hr-default  '><span class='hr-inner ' ><span class='hr-inner-style'><\/span><\/span><\/div>\n\n","protected":false},"excerpt":{"rendered":"","protected":false},"author":2,"featured_media":4148,"parent":412,"menu_order":0,"comment_status":"closed","ping_status":"closed","template":"","meta":{"footnotes":""},"class_list":["post-1016","page","type-page","status-publish","has-post-thumbnail","hentry"],"yoast_head":"<!-- This site is optimized with the Yoast SEO Premium plugin v26.4 (Yoast SEO v27.3) - https:\/\/yoast.com\/product\/yoast-seo-premium-wordpress\/ -->\n<title>Teilnehmer | BAI DACH | Wer profitiert von unseren Programm<\/title>\n<meta name=\"description\" content=\"Teilnehmer: Unsere Dienstleistungen richten sich in erster Linie an Personen, die direkt in kleine, aber wachstumsorientierte Unternehmen investieren.\" \/>\n<meta name=\"robots\" content=\"index, follow, max-snippet:-1, max-image-preview:large, max-video-preview:-1\" \/>\n<link rel=\"canonical\" href=\"https:\/\/businessangelinstitute.org\/de\/kurse\/teilnehmer\/\" \/>\n<meta property=\"og:locale\" content=\"de_DE\" \/>\n<meta property=\"og:type\" content=\"article\" \/>\n<meta property=\"og:title\" content=\"Teilnehmer | BAI DACH\" \/>\n<meta property=\"og:description\" content=\"Teilnehmer: Unsere Dienstleistungen richten sich in erster Linie an Personen, die direkt in kleine, aber wachstumsorientierte Unternehmen investieren.\" \/>\n<meta property=\"og:url\" content=\"https:\/\/businessangelinstitute.org\/de\/kurse\/teilnehmer\/\" \/>\n<meta property=\"og:site_name\" content=\"BAI DACH\" \/>\n<meta property=\"article:publisher\" content=\"https:\/\/www.facebook.com\/BusinessAngelInstitute\/\" \/>\n<meta property=\"article:modified_time\" content=\"2022-03-28T13:02:14+00:00\" \/>\n<meta property=\"og:image\" content=\"https:\/\/businessangelinstitute.org\/de\/wp-content\/uploads\/sites\/10\/Untitled-design-13.png\" \/>\n\t<meta property=\"og:image:width\" content=\"1800\" \/>\n\t<meta property=\"og:image:height\" content=\"1000\" \/>\n\t<meta property=\"og:image:type\" content=\"image\/png\" \/>\n<meta name=\"twitter:card\" content=\"summary_large_image\" \/>\n<meta name=\"twitter:title\" content=\"Teilnehmer | BAI DACH\" \/>\n<meta name=\"twitter:description\" content=\"Teilnehmer: Unsere Dienstleistungen richten sich in erster Linie an Personen, die direkt in kleine, aber wachstumsorientierte Unternehmen investieren.\" \/>\n<meta name=\"twitter:site\" content=\"@angel_institute\" \/>\n<meta name=\"twitter:label1\" content=\"Gesch\u00e4tzte Lesezeit\" \/>\n\t<meta name=\"twitter:data1\" content=\"2\u00a0Minuten\" \/>\n<script type=\"application\/ld+json\" class=\"yoast-schema-graph\">{\"@context\":\"https:\\\/\\\/schema.org\",\"@graph\":[{\"@type\":\"WebPage\",\"@id\":\"https:\\\/\\\/businessangelinstitute.org\\\/de\\\/kurse\\\/teilnehmer\\\/\",\"url\":\"https:\\\/\\\/businessangelinstitute.org\\\/de\\\/kurse\\\/teilnehmer\\\/\",\"name\":\"Teilnehmer | BAI DACH | Wer profitiert von unseren Programm\",\"isPartOf\":{\"@id\":\"https:\\\/\\\/businessangelinstitute.org\\\/de\\\/#website\"},\"primaryImageOfPage\":{\"@id\":\"https:\\\/\\\/businessangelinstitute.org\\\/de\\\/kurse\\\/teilnehmer\\\/#primaryimage\"},\"image\":{\"@id\":\"https:\\\/\\\/businessangelinstitute.org\\\/de\\\/kurse\\\/teilnehmer\\\/#primaryimage\"},\"thumbnailUrl\":\"https:\\\/\\\/businessangelinstitute.org\\\/de\\\/wp-content\\\/uploads\\\/sites\\\/10\\\/Untitled-design-13.png\",\"datePublished\":\"2016-02-26T12:08:07+00:00\",\"dateModified\":\"2022-03-28T13:02:14+00:00\",\"description\":\"Teilnehmer: Unsere Dienstleistungen richten sich in erster Linie an Personen, die direkt in kleine, aber wachstumsorientierte Unternehmen investieren.\",\"breadcrumb\":{\"@id\":\"https:\\\/\\\/businessangelinstitute.org\\\/de\\\/kurse\\\/teilnehmer\\\/#breadcrumb\"},\"inLanguage\":\"de\",\"potentialAction\":[{\"@type\":\"ReadAction\",\"target\":[\"https:\\\/\\\/businessangelinstitute.org\\\/de\\\/kurse\\\/teilnehmer\\\/\"]}]},{\"@type\":\"ImageObject\",\"inLanguage\":\"de\",\"@id\":\"https:\\\/\\\/businessangelinstitute.org\\\/de\\\/kurse\\\/teilnehmer\\\/#primaryimage\",\"url\":\"https:\\\/\\\/businessangelinstitute.org\\\/de\\\/wp-content\\\/uploads\\\/sites\\\/10\\\/Untitled-design-13.png\",\"contentUrl\":\"https:\\\/\\\/businessangelinstitute.org\\\/de\\\/wp-content\\\/uploads\\\/sites\\\/10\\\/Untitled-design-13.png\",\"width\":1800,\"height\":1000,\"caption\":\"Teilnehmer\"},{\"@type\":\"BreadcrumbList\",\"@id\":\"https:\\\/\\\/businessangelinstitute.org\\\/de\\\/kurse\\\/teilnehmer\\\/#breadcrumb\",\"itemListElement\":[{\"@type\":\"ListItem\",\"position\":1,\"name\":\"Home\",\"item\":\"https:\\\/\\\/businessangelinstitute.org\\\/de\\\/\"},{\"@type\":\"ListItem\",\"position\":2,\"name\":\"Kurse\",\"item\":\"https:\\\/\\\/businessangelinstitute.org\\\/de\\\/kurse\\\/\"},{\"@type\":\"ListItem\",\"position\":3,\"name\":\"Teilnehmer\"}]},{\"@type\":\"WebSite\",\"@id\":\"https:\\\/\\\/businessangelinstitute.org\\\/de\\\/#website\",\"url\":\"https:\\\/\\\/businessangelinstitute.org\\\/de\\\/\",\"name\":\"Business Angel Institute\",\"description\":\"Wissen und Know-how f\u00fcr Fr\u00fchphasen-Investoren\",\"publisher\":{\"@id\":\"https:\\\/\\\/businessangelinstitute.org\\\/de\\\/#organization\"},\"potentialAction\":[{\"@type\":\"SearchAction\",\"target\":{\"@type\":\"EntryPoint\",\"urlTemplate\":\"https:\\\/\\\/businessangelinstitute.org\\\/de\\\/?s={search_term_string}\"},\"query-input\":{\"@type\":\"PropertyValueSpecification\",\"valueRequired\":true,\"valueName\":\"search_term_string\"}}],\"inLanguage\":\"de\"},{\"@type\":\"Organization\",\"@id\":\"https:\\\/\\\/businessangelinstitute.org\\\/de\\\/#organization\",\"name\":\"Business Angel Institute\",\"url\":\"https:\\\/\\\/businessangelinstitute.org\\\/de\\\/\",\"logo\":{\"@type\":\"ImageObject\",\"inLanguage\":\"de\",\"@id\":\"https:\\\/\\\/businessangelinstitute.org\\\/de\\\/#\\\/schema\\\/logo\\\/image\\\/\",\"url\":\"https:\\\/\\\/businessangelinstitute.org\\\/de\\\/wp-content\\\/uploads\\\/sites\\\/10\\\/Logo_BAI_final.png\",\"contentUrl\":\"https:\\\/\\\/businessangelinstitute.org\\\/de\\\/wp-content\\\/uploads\\\/sites\\\/10\\\/Logo_BAI_final.png\",\"width\":185,\"height\":56,\"caption\":\"Business Angel Institute\"},\"image\":{\"@id\":\"https:\\\/\\\/businessangelinstitute.org\\\/de\\\/#\\\/schema\\\/logo\\\/image\\\/\"},\"sameAs\":[\"https:\\\/\\\/www.facebook.com\\\/BusinessAngelInstitute\\\/\",\"https:\\\/\\\/x.com\\\/angel_institute\"]}]}<\/script>\n<!-- \/ Yoast SEO Premium plugin. -->","yoast_head_json":{"title":"Teilnehmer | BAI DACH | Wer profitiert von unseren Programm","description":"Teilnehmer: Unsere Dienstleistungen richten sich in erster Linie an Personen, die direkt in kleine, aber wachstumsorientierte Unternehmen investieren.","robots":{"index":"index","follow":"follow","max-snippet":"max-snippet:-1","max-image-preview":"max-image-preview:large","max-video-preview":"max-video-preview:-1"},"canonical":"https:\/\/businessangelinstitute.org\/de\/kurse\/teilnehmer\/","og_locale":"de_DE","og_type":"article","og_title":"Teilnehmer | BAI DACH","og_description":"Teilnehmer: Unsere Dienstleistungen richten sich in erster Linie an Personen, die direkt in kleine, aber wachstumsorientierte Unternehmen investieren.","og_url":"https:\/\/businessangelinstitute.org\/de\/kurse\/teilnehmer\/","og_site_name":"BAI DACH","article_publisher":"https:\/\/www.facebook.com\/BusinessAngelInstitute\/","article_modified_time":"2022-03-28T13:02:14+00:00","og_image":[{"width":1800,"height":1000,"url":"https:\/\/businessangelinstitute.org\/de\/wp-content\/uploads\/sites\/10\/Untitled-design-13.png","type":"image\/png"}],"twitter_card":"summary_large_image","twitter_title":"Teilnehmer | BAI DACH","twitter_description":"Teilnehmer: Unsere Dienstleistungen richten sich in erster Linie an Personen, die direkt in kleine, aber wachstumsorientierte Unternehmen investieren.","twitter_site":"@angel_institute","twitter_misc":{"Gesch\u00e4tzte Lesezeit":"2\u00a0Minuten"},"schema":{"@context":"https:\/\/schema.org","@graph":[{"@type":"WebPage","@id":"https:\/\/businessangelinstitute.org\/de\/kurse\/teilnehmer\/","url":"https:\/\/businessangelinstitute.org\/de\/kurse\/teilnehmer\/","name":"Teilnehmer | BAI DACH | Wer profitiert von unseren Programm","isPartOf":{"@id":"https:\/\/businessangelinstitute.org\/de\/#website"},"primaryImageOfPage":{"@id":"https:\/\/businessangelinstitute.org\/de\/kurse\/teilnehmer\/#primaryimage"},"image":{"@id":"https:\/\/businessangelinstitute.org\/de\/kurse\/teilnehmer\/#primaryimage"},"thumbnailUrl":"https:\/\/businessangelinstitute.org\/de\/wp-content\/uploads\/sites\/10\/Untitled-design-13.png","datePublished":"2016-02-26T12:08:07+00:00","dateModified":"2022-03-28T13:02:14+00:00","description":"Teilnehmer: Unsere Dienstleistungen richten sich in erster Linie an Personen, die direkt in kleine, aber wachstumsorientierte Unternehmen investieren.","breadcrumb":{"@id":"https:\/\/businessangelinstitute.org\/de\/kurse\/teilnehmer\/#breadcrumb"},"inLanguage":"de","potentialAction":[{"@type":"ReadAction","target":["https:\/\/businessangelinstitute.org\/de\/kurse\/teilnehmer\/"]}]},{"@type":"ImageObject","inLanguage":"de","@id":"https:\/\/businessangelinstitute.org\/de\/kurse\/teilnehmer\/#primaryimage","url":"https:\/\/businessangelinstitute.org\/de\/wp-content\/uploads\/sites\/10\/Untitled-design-13.png","contentUrl":"https:\/\/businessangelinstitute.org\/de\/wp-content\/uploads\/sites\/10\/Untitled-design-13.png","width":1800,"height":1000,"caption":"Teilnehmer"},{"@type":"BreadcrumbList","@id":"https:\/\/businessangelinstitute.org\/de\/kurse\/teilnehmer\/#breadcrumb","itemListElement":[{"@type":"ListItem","position":1,"name":"Home","item":"https:\/\/businessangelinstitute.org\/de\/"},{"@type":"ListItem","position":2,"name":"Kurse","item":"https:\/\/businessangelinstitute.org\/de\/kurse\/"},{"@type":"ListItem","position":3,"name":"Teilnehmer"}]},{"@type":"WebSite","@id":"https:\/\/businessangelinstitute.org\/de\/#website","url":"https:\/\/businessangelinstitute.org\/de\/","name":"Business Angel Institute","description":"Wissen und Know-how f\u00fcr Fr\u00fchphasen-Investoren","publisher":{"@id":"https:\/\/businessangelinstitute.org\/de\/#organization"},"potentialAction":[{"@type":"SearchAction","target":{"@type":"EntryPoint","urlTemplate":"https:\/\/businessangelinstitute.org\/de\/?s={search_term_string}"},"query-input":{"@type":"PropertyValueSpecification","valueRequired":true,"valueName":"search_term_string"}}],"inLanguage":"de"},{"@type":"Organization","@id":"https:\/\/businessangelinstitute.org\/de\/#organization","name":"Business Angel Institute","url":"https:\/\/businessangelinstitute.org\/de\/","logo":{"@type":"ImageObject","inLanguage":"de","@id":"https:\/\/businessangelinstitute.org\/de\/#\/schema\/logo\/image\/","url":"https:\/\/businessangelinstitute.org\/de\/wp-content\/uploads\/sites\/10\/Logo_BAI_final.png","contentUrl":"https:\/\/businessangelinstitute.org\/de\/wp-content\/uploads\/sites\/10\/Logo_BAI_final.png","width":185,"height":56,"caption":"Business Angel Institute"},"image":{"@id":"https:\/\/businessangelinstitute.org\/de\/#\/schema\/logo\/image\/"},"sameAs":["https:\/\/www.facebook.com\/BusinessAngelInstitute\/","https:\/\/x.com\/angel_institute"]}]}},"_links":{"self":[{"href":"https:\/\/businessangelinstitute.org\/de\/wp-json\/wp\/v2\/pages\/1016","targetHints":{"allow":["GET"]}}],"collection":[{"href":"https:\/\/businessangelinstitute.org\/de\/wp-json\/wp\/v2\/pages"}],"about":[{"href":"https:\/\/businessangelinstitute.org\/de\/wp-json\/wp\/v2\/types\/page"}],"author":[{"embeddable":true,"href":"https:\/\/businessangelinstitute.org\/de\/wp-json\/wp\/v2\/users\/2"}],"replies":[{"embeddable":true,"href":"https:\/\/businessangelinstitute.org\/de\/wp-json\/wp\/v2\/comments?post=1016"}],"version-history":[{"count":10,"href":"https:\/\/businessangelinstitute.org\/de\/wp-json\/wp\/v2\/pages\/1016\/revisions"}],"predecessor-version":[{"id":4147,"href":"https:\/\/businessangelinstitute.org\/de\/wp-json\/wp\/v2\/pages\/1016\/revisions\/4147"}],"up":[{"embeddable":true,"href":"https:\/\/businessangelinstitute.org\/de\/wp-json\/wp\/v2\/pages\/412"}],"wp:featuredmedia":[{"embeddable":true,"href":"https:\/\/businessangelinstitute.org\/de\/wp-json\/wp\/v2\/media\/4148"}],"wp:attachment":[{"href":"https:\/\/businessangelinstitute.org\/de\/wp-json\/wp\/v2\/media?parent=1016"}],"curies":[{"name":"wp","href":"https:\/\/api.w.org\/{rel}","templated":true}]}}