{"id":1037,"date":"2016-02-26T15:29:09","date_gmt":"2016-02-26T14:29:09","guid":{"rendered":"http:\/\/businessangelinstitute.org\/?page_id=1037"},"modified":"2022-06-21T10:24:18","modified_gmt":"2022-06-21T08:24:18","slug":"faq","status":"publish","type":"page","link":"https:\/\/businessangelinstitute.org\/de\/ressourcen\/faq\/","title":{"rendered":"FAQ"},"content":{"rendered":"<\/div><\/div><\/div><!-- close content main div --><\/div><\/div><div id='av_section_1' class='avia-section main_color avia-section-default avia-no-border-styling avia-full-stretch avia-bg-style-fixed   av-minimum-height av-minimum-height-50 container_wrap fullsize' style = 'background-repeat: no-repeat; background-image: url(https:\/\/businessangelinstitute.org\/de\/wp-content\/uploads\/sites\/10\/faq.jpg);background-attachment: fixed; background-position: top right; ' data-section-bg-repeat='stretch' ><div class='container' ><div class='template-page content  av-content-full alpha units'><div class='post-entry post-entry-type-page post-entry-1037'><div class='entry-content-wrapper clearfix'>\n<div style='padding-bottom:0px; color:#ffffff;font-size:50px;' class='av-special-heading av-special-heading-h3 custom-color-heading blockquote modern-quote modern-centered  av-inherit-size '><h3 class='av-special-heading-tag '  itemprop=\"headline\"  >FAQ<\/h3><div class ='av-subheading av-subheading_below av_custom_color ' style='font-size:15px;'><p>H\u00e4ufig gestellte Fragen und Antworten<\/p>\n<\/div><div class='special-heading-border'><div class='special-heading-inner-border' style='border-color:#ffffff'><\/div><\/div><\/div>\n\n<\/div><\/div><\/div><!-- close content main div --><\/div><\/div><div id='av_section_2' class='avia-section alternate_color avia-section-default avia-no-border-styling avia-bg-style-scroll   container_wrap fullsize' style = 'background-image: '  ><div class='container' ><div class='template-page content  av-content-full alpha units'><div class='post-entry post-entry-type-page post-entry-1037'><div class='entry-content-wrapper clearfix'>\n<section class=\"av_textblock_section \"  itemscope=\"itemscope\" itemtype=\"https:\/\/schema.org\/CreativeWork\" ><div class='avia_textblock  '   itemprop=\"text\" ><h4>Das BAI steht Ihnen gerne mit Rat und Tat zur Seite. Die am h\u00e4ufigsten gestellten Fragen haben wir hier bereits gesammelt. Sollte dennoch eine Frage unbeantwortet bleiben, k\u00f6nnen Sie sich einfach an uns wenden. Klicken Sie auf das <a href=\"https:\/\/businessangelinstitute.org\/de\/contact\/\">Kontaktformular<\/a>.<\/h4>\n<\/div><\/section>\n\n<\/div><\/div><\/div><!-- close content main div --><\/div><\/div><div id='av_section_3' class='avia-section main_color avia-section-default avia-no-border-styling avia-bg-style-scroll   container_wrap fullsize' style = 'background-image: '  ><div class='container' ><div class='template-page content  av-content-full alpha units'><div class='post-entry post-entry-type-page post-entry-1037'><div class='entry-content-wrapper clearfix'>\n<div class=\"flex_column av_three_fourth  flex_column_div av-zero-column-padding first  \" style='border-radius:0px; '><div class=\"togglecontainer   \" >\n<section class=\"av_toggle_section\"  itemscope=\"itemscope\" itemtype=\"https:\/\/schema.org\/CreativeWork\"  >    <div class=\"single_toggle\" data-tags=\"{Alle} \"  >        <p data-fake-id=\"#toggle-id-1\" class=\"toggler  av-inherit-font-color  av-inherit-border-color \"  itemprop=\"headline\"  style='background-color: #417e9b; color: #ffffff; border-color: #ffffff; '>Ich bin ein Startup und auf der Suche nach Investor\/inn\/en \/ Ich bin ein Investor auf der Suche nach m\u00f6glichen Investitionsm\u00f6glichkeiten. Vermitteln Sie Investor\/inn\/en und Stat-ups?<span class=\"toggle_icon\" style='border-color:#ffffff;'>        <span class=\"vert_icon\"><\/span><span class=\"hor_icon\"><\/span><\/span><\/p>        <div id=\"toggle-id-1-container\" class=\"toggle_wrap \"  >            <div class=\"toggle_content invers-color  av-inherit-font-color  av-inherit-border-color \"  itemprop=\"text\"  style='background-color: #417e9b; color: #ffffff; border-color: #ffffff; ' ><p>Es tut uns leid aber wir konzentrieren uns auf die Forschung und Bildung f\u00fcr Investor\/inn\/en in Start-ups, nicht auf das Matchmaking. Sie finden solche Dienstleistungen jedoch bei einigen unserer <a href=\"https:\/\/businessangelinstitute.org\/de\/uber-uns\/partner\/\">Partnerorganisationen.<\/a><\/p>\n            <\/div>        <\/div>    <\/div><\/section>\n<section class=\"av_toggle_section\"  itemscope=\"itemscope\" itemtype=\"https:\/\/schema.org\/CreativeWork\"  >    <div class=\"single_toggle\" data-tags=\"{Alle} \"  >        <p data-fake-id=\"#toggle-id-2\" class=\"toggler  av-inherit-font-color  av-inherit-border-color \"  itemprop=\"headline\"  style='background-color: #417e9b; color: #ffffff; border-color: #ffffff; '>K\u00f6nnen wir angesichts Ihrer Reichweite und Ihres guten Namens gemeinsam politische F\u00fcrsprachearbeit leisten?<span class=\"toggle_icon\" style='border-color:#ffffff;'>        <span class=\"vert_icon\"><\/span><span class=\"hor_icon\"><\/span><\/span><\/p>        <div id=\"toggle-id-2-container\" class=\"toggle_wrap \"  >            <div class=\"toggle_content invers-color  av-inherit-font-color  av-inherit-border-color \"  itemprop=\"text\"  style='background-color: #417e9b; color: #ffffff; border-color: #ffffff; ' ><p>Obwohl wir dem gesamten Fr\u00fchphasen-\u00d6kosystem in vielf\u00e4ltiger Weise helfen, bieten wir keine Lobbyarbeit an.<\/p>\n            <\/div>        <\/div>    <\/div><\/section>\n<section class=\"av_toggle_section\"  itemscope=\"itemscope\" itemtype=\"https:\/\/schema.org\/CreativeWork\"  >    <div class=\"single_toggle\" data-tags=\"{Alle} \"  >        <p data-fake-id=\"#toggle-id-3\" class=\"toggler  av-inherit-font-color  av-inherit-border-color \"  itemprop=\"headline\"  style='background-color: #417e9b; color: #ffffff; border-color: #ffffff; '>Wann wird Ihr Trainingsprogramm in meinem Land verf\u00fcgbar sein?<span class=\"toggle_icon\" style='border-color:#ffffff;'>        <span class=\"vert_icon\"><\/span><span class=\"hor_icon\"><\/span><\/span><\/p>        <div id=\"toggle-id-3-container\" class=\"toggle_wrap \"  >            <div class=\"toggle_content invers-color  av-inherit-font-color  av-inherit-border-color \"  itemprop=\"text\"  style='background-color: #417e9b; color: #ffffff; border-color: #ffffff; ' ><p>Gro\u00dfe Teile unseres Ausbildungsprogramms (Materialien f\u00fcr das Selbststudium, \u00dcbungsanleitungen, Feedback, Fern-Coaching) sind so konzipiert, dass Sie sie \u00fcberall nutzen k\u00f6nnen. Was die Pr\u00e4senzveranstaltungen (die Meisterklassen) betrifft, so sind wir dabei, unser Programm international auszuweiten, auch wenn Sie in Ihrem Land noch nicht stattfinden. Bei Interesse, setzten Sie sich mit uns in <a href=\"https:\/\/businessangelinstitute.org\/de\/contact\/\">Verbindung<\/a>. Wenn Sie eine Gruppe von Interessent\/inn\/en\u00a0 sind, k\u00f6nnen wir praktisch \u00fcberall auf der Welt einen Kurs f\u00fcr Sie organisieren. (Oder Ihnen sogar helfen, ein solches Programm selbst in Ihrem Land anzubieten!)<\/p>\n            <\/div>        <\/div>    <\/div><\/section>\n<section class=\"av_toggle_section\"  itemscope=\"itemscope\" itemtype=\"https:\/\/schema.org\/CreativeWork\"  >    <div class=\"single_toggle\" data-tags=\"{Alle} \"  >        <p data-fake-id=\"#toggle-id-4\" class=\"toggler  av-inherit-font-color  av-inherit-border-color \"  itemprop=\"headline\"  style='background-color: #417e9b; color: #ffffff; border-color: #ffffff; '>Wie erhalte ich einen Discount Code f\u00fcr die angebotenen Kurse vom BAI?<span class=\"toggle_icon\" style='border-color:#ffffff;'>        <span class=\"vert_icon\"><\/span><span class=\"hor_icon\"><\/span><\/span><\/p>        <div id=\"toggle-id-4-container\" class=\"toggle_wrap \"  >            <div class=\"toggle_content invers-color  av-inherit-font-color  av-inherit-border-color \"  itemprop=\"text\"  style='background-color: #417e9b; color: #ffffff; border-color: #ffffff; ' ><p>Wir bieten verschiedenen Interessent\/inn\/en , wie z.B. Student\/inn\/en oder unerfahrenen Business Angels, gerne spezielle Rabatte auf unsere Kurse an. Bitte <a href=\"https:\/\/businessangelinstitute.org\/de\/contact\/\">kontaktieren<\/a> Sie uns hierzu.<\/p>\n            <\/div>        <\/div>    <\/div><\/section>\n<section class=\"av_toggle_section\"  itemscope=\"itemscope\" itemtype=\"https:\/\/schema.org\/CreativeWork\"  >    <div class=\"single_toggle\" data-tags=\"{Alle} \"  >        <p data-fake-id=\"#toggle-id-5\" class=\"toggler  av-inherit-font-color  av-inherit-border-color \"  itemprop=\"headline\"  style='background-color: #417e9b; color: #ffffff; border-color: #ffffff; '>Wo findet man genauere Informationen zu den Kursen?<span class=\"toggle_icon\" style='border-color:#ffffff;'>        <span class=\"vert_icon\"><\/span><span class=\"hor_icon\"><\/span><\/span><\/p>        <div id=\"toggle-id-5-container\" class=\"toggle_wrap \"  >            <div class=\"toggle_content invers-color  av-inherit-font-color  av-inherit-border-color \"  itemprop=\"text\"  style='background-color: #417e9b; color: #ffffff; border-color: #ffffff; ' ><p>Unsere Kurse sind alle digitalisiert worden. Sie k\u00f6nnen das <a href=\"https:\/\/cba-program.thinkific.com\/bundles\/CTPCBA\">gesamte CBA-Programm<\/a>, <a href=\"https:\/\/cba-program.thinkific.com\/collections\">einzelne Module<\/a> oder <a href=\"https:\/\/cba-program.thinkific.com\/courses\/financial-legal-aspects\">Expertensitzungen<\/a> online buchen.<\/p>\n            <\/div>        <\/div>    <\/div><\/section>\n<section class=\"av_toggle_section\"  itemscope=\"itemscope\" itemtype=\"https:\/\/schema.org\/CreativeWork\"  >    <div class=\"single_toggle\" data-tags=\"{Alle} \"  >        <p data-fake-id=\"#toggle-id-6\" class=\"toggler  av-inherit-font-color  av-inherit-border-color \"  itemprop=\"headline\"  style='background-color: #417e9b; color: #ffffff; border-color: #ffffff; '>Bieten Sie auch Gruppentrainings an?<span class=\"toggle_icon\" style='border-color:#ffffff;'>        <span class=\"vert_icon\"><\/span><span class=\"hor_icon\"><\/span><\/span><\/p>        <div id=\"toggle-id-6-container\" class=\"toggle_wrap \"  >            <div class=\"toggle_content invers-color  av-inherit-font-color  av-inherit-border-color \"  itemprop=\"text\"  style='background-color: #417e9b; color: #ffffff; border-color: #ffffff; ' ><p>Wir bieten das CBA-Programm oder einzelne Module auch f\u00fcr Unternehmen an. Gerne schulen wir Ihre Mitarbeiter\/innen auch vor Ort in Ihrem Unternehmen. Firmenschulungen bieten wir ab einer Mindestteilnehmeranzahl von 10 Personen an. F\u00fcr detaillierte Fragen <a href=\"https:\/\/businessangelinstitute.org\/de\/contact\/\">kontaktieren<\/a> Sie uns bitte.<\/p>\n            <\/div>        <\/div>    <\/div><\/section>\n<section class=\"av_toggle_section\"  itemscope=\"itemscope\" itemtype=\"https:\/\/schema.org\/CreativeWork\"  >    <div class=\"single_toggle\" data-tags=\"{Alle} \"  >        <p data-fake-id=\"#toggle-id-7\" class=\"toggler  av-inherit-font-color  av-inherit-border-color \"  itemprop=\"headline\"  style='background-color: #417e9b; color: #ffffff; border-color: #ffffff; '>Wie werde ich Lizenznehmer\/in es Business Angel Institutes?<span class=\"toggle_icon\" style='border-color:#ffffff;'>        <span class=\"vert_icon\"><\/span><span class=\"hor_icon\"><\/span><\/span><\/p>        <div id=\"toggle-id-7-container\" class=\"toggle_wrap \"  >            <div class=\"toggle_content invers-color  av-inherit-font-color  av-inherit-border-color \"  itemprop=\"text\"  style='background-color: #417e9b; color: #ffffff; border-color: #ffffff; ' ><p>Wenn Sie Lizenznehmer\/in des BAI werden und unser Programm in Ihrem Land anbieten m\u00f6chten, m\u00fcssen Sie den <strong>Train-the-Trainer <\/strong>Kurs bei uns absolvieren. In diesem Kurs erhalten Sie alle Kenntnisse, die Sie ben\u00f6tigen, um das CBA-Programm in Ihrem Land zu verkaufen und sie bekommen all das fachspezifisches Know-How vermittelt im Bereich Angel Investing.<\/p>\n<p><script src=\"https:\/\/www.courseticket.com\/js\/courseticket.widget.core.js\"><\/script><br \/>\n<a class=\"courseticket-button\" href=\"https:\/\/cba.businessangelinstitute.org\/users\/sign_in\">Jetzt Buchen<\/a><\/p>\n            <\/div>        <\/div>    <\/div><\/section>\n<\/div><\/div><div class=\"flex_column av_one_fourth  flex_column_div av-zero-column-padding   \" style='border-radius:0px; '><p><div class='avia-image-container  av-styling-    avia-align-left '  itemprop=\"ImageObject\" itemscope=\"itemscope\" itemtype=\"https:\/\/schema.org\/ImageObject\"  ><div class='avia-image-container-inner'><div class='avia-image-overlay-wrap'><img class='avia_image ' src='https:\/\/businessangelinstitute.org\/de\/wp-content\/uploads\/sites\/10\/Venionaire-Team-200-\u00d7-200-px.png' alt='' title='Venionaire Team (200 \u00d7 200 px)' height=\"200\"width=\"200\"  itemprop=\"thumbnailUrl\"  \/><\/div><\/div><\/div><br \/>\n<section class=\"av_textblock_section \"  itemscope=\"itemscope\" itemtype=\"https:\/\/schema.org\/CreativeWork\" ><div class='avia_textblock  '   itemprop=\"text\" ><p><strong>Haben Sie noch Fragen?<\/strong><\/p>\n<\/div><\/section><br \/>\n<section class=\"av_textblock_section \"  itemscope=\"itemscope\" itemtype=\"https:\/\/schema.org\/CreativeWork\" ><div class='avia_textblock  '   itemprop=\"text\" ><p>Schreiben Sie uns eine E-Mail an <a href=\"mailto:program@businessangelinstitute.org\">program@businessangelinstitute.org<\/a> Wir helfen Ihnen gerne weiter!<\/p>\n<\/div><\/section><\/p><\/div><div class=\"flex_column av_one_full  flex_column_div av-zero-column-padding first  \" style='border-radius:0px; '><div class='avia-button-wrap avia-button-center '><a href='https:\/\/businessangelinstitute.org\/de\/contact\/' class='avia-button avia-button-fullwidth   avia-icon_select-no avia-color-custom '  style='color:#ffffff; background-color:#f4752b;  ' ><span class='avia_iconbox_title' >Kontaktieren Sie uns gerne bei weiteren Fragen <\/span><span class='avia_button_background avia-button avia-button-fullwidth avia-color-theme-color' ><\/span><\/a><\/div><\/div><\/div><\/div><\/div><!-- close content main div --><\/div><\/div><div id='av_section_4' class='avia-section main_color avia-section-default avia-no-border-styling avia-bg-style-scroll   container_wrap fullsize' style = 'background-image: '  ><div class='container' ><div class='template-page content  av-content-full alpha units'><div class='post-entry post-entry-type-page post-entry-1037'><div class='entry-content-wrapper clearfix'><\/p>\n","protected":false},"excerpt":{"rendered":"","protected":false},"author":2,"featured_media":4161,"parent":1232,"menu_order":0,"comment_status":"closed","ping_status":"closed","template":"","meta":{"footnotes":""},"class_list":["post-1037","page","type-page","status-publish","has-post-thumbnail","hentry"],"yoast_head":"<!-- This site is optimized with the Yoast SEO Premium plugin v26.4 (Yoast SEO v27.3) - https:\/\/yoast.com\/product\/yoast-seo-premium-wordpress\/ -->\n<title>FAQ | BAI DACH | H\u00e4ufig gestellte Fragen und Antworten<\/title>\n<meta name=\"description\" content=\"Das Business Angel Institut steht Ihnen gerne mit Rat und Tat zur Seite. Wir haben hier die am h\u00e4ufigsten gestellten Fragen gesammelt.\" \/>\n<meta name=\"robots\" content=\"index, follow, max-snippet:-1, max-image-preview:large, max-video-preview:-1\" \/>\n<link rel=\"canonical\" href=\"https:\/\/businessangelinstitute.org\/de\/ressourcen\/faq\/\" \/>\n<meta property=\"og:locale\" content=\"de_DE\" \/>\n<meta property=\"og:type\" content=\"article\" \/>\n<meta property=\"og:title\" content=\"FAQ | BAI DACH\" \/>\n<meta property=\"og:description\" content=\"Das BAI steht Ihnen gerne mit Rat und Tat zur Seite. Wir haben hier die am h\u00e4ufigsten gestellten Fragen gesammelt.\" \/>\n<meta property=\"og:url\" content=\"https:\/\/businessangelinstitute.org\/de\/ressourcen\/faq\/\" \/>\n<meta property=\"og:site_name\" content=\"BAI DACH\" \/>\n<meta property=\"article:publisher\" content=\"https:\/\/www.facebook.com\/BusinessAngelInstitute\/\" \/>\n<meta property=\"article:modified_time\" content=\"2022-06-21T08:24:18+00:00\" \/>\n<meta property=\"og:image\" content=\"https:\/\/businessangelinstitute.org\/de\/wp-content\/uploads\/sites\/10\/Untitled-design-6-1.png\" \/>\n\t<meta property=\"og:image:width\" content=\"1800\" \/>\n\t<meta property=\"og:image:height\" content=\"1000\" \/>\n\t<meta property=\"og:image:type\" content=\"image\/png\" \/>\n<meta name=\"twitter:card\" content=\"summary_large_image\" \/>\n<meta name=\"twitter:title\" content=\"FAQ | BAI DACH\" \/>\n<meta name=\"twitter:description\" content=\"Das BAI steht Ihnen gerne mit Rat und Tat zur Seite. Wir haben hier die am h\u00e4ufigsten gestellten Fragen gesammelt.\" \/>\n<meta name=\"twitter:site\" content=\"@angel_institute\" \/>\n<meta name=\"twitter:label1\" content=\"Gesch\u00e4tzte Lesezeit\" \/>\n\t<meta name=\"twitter:data1\" content=\"4\u00a0Minuten\" \/>\n<script type=\"application\/ld+json\" class=\"yoast-schema-graph\">{\"@context\":\"https:\\\/\\\/schema.org\",\"@graph\":[{\"@type\":\"WebPage\",\"@id\":\"https:\\\/\\\/businessangelinstitute.org\\\/de\\\/ressourcen\\\/faq\\\/\",\"url\":\"https:\\\/\\\/businessangelinstitute.org\\\/de\\\/ressourcen\\\/faq\\\/\",\"name\":\"FAQ | BAI DACH | H\u00e4ufig gestellte Fragen und Antworten\",\"isPartOf\":{\"@id\":\"https:\\\/\\\/businessangelinstitute.org\\\/de\\\/#website\"},\"primaryImageOfPage\":{\"@id\":\"https:\\\/\\\/businessangelinstitute.org\\\/de\\\/ressourcen\\\/faq\\\/#primaryimage\"},\"image\":{\"@id\":\"https:\\\/\\\/businessangelinstitute.org\\\/de\\\/ressourcen\\\/faq\\\/#primaryimage\"},\"thumbnailUrl\":\"https:\\\/\\\/businessangelinstitute.org\\\/de\\\/wp-content\\\/uploads\\\/sites\\\/10\\\/Untitled-design-6-1.png\",\"datePublished\":\"2016-02-26T14:29:09+00:00\",\"dateModified\":\"2022-06-21T08:24:18+00:00\",\"description\":\"Das Business Angel Institut steht Ihnen gerne mit Rat und Tat zur Seite. Wir haben hier die am h\u00e4ufigsten gestellten Fragen gesammelt.\",\"breadcrumb\":{\"@id\":\"https:\\\/\\\/businessangelinstitute.org\\\/de\\\/ressourcen\\\/faq\\\/#breadcrumb\"},\"inLanguage\":\"de\",\"potentialAction\":[{\"@type\":\"ReadAction\",\"target\":[\"https:\\\/\\\/businessangelinstitute.org\\\/de\\\/ressourcen\\\/faq\\\/\"]}]},{\"@type\":\"ImageObject\",\"inLanguage\":\"de\",\"@id\":\"https:\\\/\\\/businessangelinstitute.org\\\/de\\\/ressourcen\\\/faq\\\/#primaryimage\",\"url\":\"https:\\\/\\\/businessangelinstitute.org\\\/de\\\/wp-content\\\/uploads\\\/sites\\\/10\\\/Untitled-design-6-1.png\",\"contentUrl\":\"https:\\\/\\\/businessangelinstitute.org\\\/de\\\/wp-content\\\/uploads\\\/sites\\\/10\\\/Untitled-design-6-1.png\",\"width\":1800,\"height\":1000,\"caption\":\"FAQ\"},{\"@type\":\"BreadcrumbList\",\"@id\":\"https:\\\/\\\/businessangelinstitute.org\\\/de\\\/ressourcen\\\/faq\\\/#breadcrumb\",\"itemListElement\":[{\"@type\":\"ListItem\",\"position\":1,\"name\":\"Home\",\"item\":\"https:\\\/\\\/businessangelinstitute.org\\\/de\\\/\"},{\"@type\":\"ListItem\",\"position\":2,\"name\":\"Ressourcen\",\"item\":\"https:\\\/\\\/businessangelinstitute.org\\\/de\\\/ressourcen\\\/\"},{\"@type\":\"ListItem\",\"position\":3,\"name\":\"FAQ\"}]},{\"@type\":\"WebSite\",\"@id\":\"https:\\\/\\\/businessangelinstitute.org\\\/de\\\/#website\",\"url\":\"https:\\\/\\\/businessangelinstitute.org\\\/de\\\/\",\"name\":\"Business Angel Institute\",\"description\":\"Wissen und Know-how f\u00fcr Fr\u00fchphasen-Investoren\",\"publisher\":{\"@id\":\"https:\\\/\\\/businessangelinstitute.org\\\/de\\\/#organization\"},\"potentialAction\":[{\"@type\":\"SearchAction\",\"target\":{\"@type\":\"EntryPoint\",\"urlTemplate\":\"https:\\\/\\\/businessangelinstitute.org\\\/de\\\/?s={search_term_string}\"},\"query-input\":{\"@type\":\"PropertyValueSpecification\",\"valueRequired\":true,\"valueName\":\"search_term_string\"}}],\"inLanguage\":\"de\"},{\"@type\":\"Organization\",\"@id\":\"https:\\\/\\\/businessangelinstitute.org\\\/de\\\/#organization\",\"name\":\"Business Angel Institute\",\"url\":\"https:\\\/\\\/businessangelinstitute.org\\\/de\\\/\",\"logo\":{\"@type\":\"ImageObject\",\"inLanguage\":\"de\",\"@id\":\"https:\\\/\\\/businessangelinstitute.org\\\/de\\\/#\\\/schema\\\/logo\\\/image\\\/\",\"url\":\"https:\\\/\\\/businessangelinstitute.org\\\/de\\\/wp-content\\\/uploads\\\/sites\\\/10\\\/Logo_BAI_final.png\",\"contentUrl\":\"https:\\\/\\\/businessangelinstitute.org\\\/de\\\/wp-content\\\/uploads\\\/sites\\\/10\\\/Logo_BAI_final.png\",\"width\":185,\"height\":56,\"caption\":\"Business Angel Institute\"},\"image\":{\"@id\":\"https:\\\/\\\/businessangelinstitute.org\\\/de\\\/#\\\/schema\\\/logo\\\/image\\\/\"},\"sameAs\":[\"https:\\\/\\\/www.facebook.com\\\/BusinessAngelInstitute\\\/\",\"https:\\\/\\\/x.com\\\/angel_institute\"]}]}<\/script>\n<!-- \/ Yoast SEO Premium plugin. -->","yoast_head_json":{"title":"FAQ | BAI DACH | H\u00e4ufig gestellte Fragen und Antworten","description":"Das Business Angel Institut steht Ihnen gerne mit Rat und Tat zur Seite. Wir haben hier die am h\u00e4ufigsten gestellten Fragen gesammelt.","robots":{"index":"index","follow":"follow","max-snippet":"max-snippet:-1","max-image-preview":"max-image-preview:large","max-video-preview":"max-video-preview:-1"},"canonical":"https:\/\/businessangelinstitute.org\/de\/ressourcen\/faq\/","og_locale":"de_DE","og_type":"article","og_title":"FAQ | BAI DACH","og_description":"Das BAI steht Ihnen gerne mit Rat und Tat zur Seite. Wir haben hier die am h\u00e4ufigsten gestellten Fragen gesammelt.","og_url":"https:\/\/businessangelinstitute.org\/de\/ressourcen\/faq\/","og_site_name":"BAI DACH","article_publisher":"https:\/\/www.facebook.com\/BusinessAngelInstitute\/","article_modified_time":"2022-06-21T08:24:18+00:00","og_image":[{"width":1800,"height":1000,"url":"https:\/\/businessangelinstitute.org\/de\/wp-content\/uploads\/sites\/10\/Untitled-design-6-1.png","type":"image\/png"}],"twitter_card":"summary_large_image","twitter_title":"FAQ | BAI DACH","twitter_description":"Das BAI steht Ihnen gerne mit Rat und Tat zur Seite. Wir haben hier die am h\u00e4ufigsten gestellten Fragen gesammelt.","twitter_site":"@angel_institute","twitter_misc":{"Gesch\u00e4tzte Lesezeit":"4\u00a0Minuten"},"schema":{"@context":"https:\/\/schema.org","@graph":[{"@type":"WebPage","@id":"https:\/\/businessangelinstitute.org\/de\/ressourcen\/faq\/","url":"https:\/\/businessangelinstitute.org\/de\/ressourcen\/faq\/","name":"FAQ | BAI DACH | H\u00e4ufig gestellte Fragen und Antworten","isPartOf":{"@id":"https:\/\/businessangelinstitute.org\/de\/#website"},"primaryImageOfPage":{"@id":"https:\/\/businessangelinstitute.org\/de\/ressourcen\/faq\/#primaryimage"},"image":{"@id":"https:\/\/businessangelinstitute.org\/de\/ressourcen\/faq\/#primaryimage"},"thumbnailUrl":"https:\/\/businessangelinstitute.org\/de\/wp-content\/uploads\/sites\/10\/Untitled-design-6-1.png","datePublished":"2016-02-26T14:29:09+00:00","dateModified":"2022-06-21T08:24:18+00:00","description":"Das Business Angel Institut steht Ihnen gerne mit Rat und Tat zur Seite. Wir haben hier die am h\u00e4ufigsten gestellten Fragen gesammelt.","breadcrumb":{"@id":"https:\/\/businessangelinstitute.org\/de\/ressourcen\/faq\/#breadcrumb"},"inLanguage":"de","potentialAction":[{"@type":"ReadAction","target":["https:\/\/businessangelinstitute.org\/de\/ressourcen\/faq\/"]}]},{"@type":"ImageObject","inLanguage":"de","@id":"https:\/\/businessangelinstitute.org\/de\/ressourcen\/faq\/#primaryimage","url":"https:\/\/businessangelinstitute.org\/de\/wp-content\/uploads\/sites\/10\/Untitled-design-6-1.png","contentUrl":"https:\/\/businessangelinstitute.org\/de\/wp-content\/uploads\/sites\/10\/Untitled-design-6-1.png","width":1800,"height":1000,"caption":"FAQ"},{"@type":"BreadcrumbList","@id":"https:\/\/businessangelinstitute.org\/de\/ressourcen\/faq\/#breadcrumb","itemListElement":[{"@type":"ListItem","position":1,"name":"Home","item":"https:\/\/businessangelinstitute.org\/de\/"},{"@type":"ListItem","position":2,"name":"Ressourcen","item":"https:\/\/businessangelinstitute.org\/de\/ressourcen\/"},{"@type":"ListItem","position":3,"name":"FAQ"}]},{"@type":"WebSite","@id":"https:\/\/businessangelinstitute.org\/de\/#website","url":"https:\/\/businessangelinstitute.org\/de\/","name":"Business Angel Institute","description":"Wissen und Know-how f\u00fcr Fr\u00fchphasen-Investoren","publisher":{"@id":"https:\/\/businessangelinstitute.org\/de\/#organization"},"potentialAction":[{"@type":"SearchAction","target":{"@type":"EntryPoint","urlTemplate":"https:\/\/businessangelinstitute.org\/de\/?s={search_term_string}"},"query-input":{"@type":"PropertyValueSpecification","valueRequired":true,"valueName":"search_term_string"}}],"inLanguage":"de"},{"@type":"Organization","@id":"https:\/\/businessangelinstitute.org\/de\/#organization","name":"Business Angel Institute","url":"https:\/\/businessangelinstitute.org\/de\/","logo":{"@type":"ImageObject","inLanguage":"de","@id":"https:\/\/businessangelinstitute.org\/de\/#\/schema\/logo\/image\/","url":"https:\/\/businessangelinstitute.org\/de\/wp-content\/uploads\/sites\/10\/Logo_BAI_final.png","contentUrl":"https:\/\/businessangelinstitute.org\/de\/wp-content\/uploads\/sites\/10\/Logo_BAI_final.png","width":185,"height":56,"caption":"Business Angel Institute"},"image":{"@id":"https:\/\/businessangelinstitute.org\/de\/#\/schema\/logo\/image\/"},"sameAs":["https:\/\/www.facebook.com\/BusinessAngelInstitute\/","https:\/\/x.com\/angel_institute"]}]}},"_links":{"self":[{"href":"https:\/\/businessangelinstitute.org\/de\/wp-json\/wp\/v2\/pages\/1037","targetHints":{"allow":["GET"]}}],"collection":[{"href":"https:\/\/businessangelinstitute.org\/de\/wp-json\/wp\/v2\/pages"}],"about":[{"href":"https:\/\/businessangelinstitute.org\/de\/wp-json\/wp\/v2\/types\/page"}],"author":[{"embeddable":true,"href":"https:\/\/businessangelinstitute.org\/de\/wp-json\/wp\/v2\/users\/2"}],"replies":[{"embeddable":true,"href":"https:\/\/businessangelinstitute.org\/de\/wp-json\/wp\/v2\/comments?post=1037"}],"version-history":[{"count":11,"href":"https:\/\/businessangelinstitute.org\/de\/wp-json\/wp\/v2\/pages\/1037\/revisions"}],"predecessor-version":[{"id":4203,"href":"https:\/\/businessangelinstitute.org\/de\/wp-json\/wp\/v2\/pages\/1037\/revisions\/4203"}],"up":[{"embeddable":true,"href":"https:\/\/businessangelinstitute.org\/de\/wp-json\/wp\/v2\/pages\/1232"}],"wp:featuredmedia":[{"embeddable":true,"href":"https:\/\/businessangelinstitute.org\/de\/wp-json\/wp\/v2\/media\/4161"}],"wp:attachment":[{"href":"https:\/\/businessangelinstitute.org\/de\/wp-json\/wp\/v2\/media?parent=1037"}],"curies":[{"name":"wp","href":"https:\/\/api.w.org\/{rel}","templated":true}]}}