{"id":1232,"date":"2016-03-07T11:52:25","date_gmt":"2016-03-07T10:52:25","guid":{"rendered":"http:\/\/businessangelinstitute.org\/?page_id=1232"},"modified":"2022-03-30T10:02:54","modified_gmt":"2022-03-30T08:02:54","slug":"ressourcen","status":"publish","type":"page","link":"https:\/\/businessangelinstitute.org\/de\/ressourcen\/","title":{"rendered":"Ressourcen"},"content":{"rendered":"<\/div><\/div><\/div><!-- close content main div --><\/div><\/div><div id='av_section_1' class='avia-section main_color avia-section-no-padding avia-no-shadow avia-full-stretch avia-bg-style-fixed   av-minimum-height av-minimum-height-50 container_wrap fullsize' style = 'background-repeat: no-repeat; background-image: url(https:\/\/businessangelinstitute.org\/de\/wp-content\/uploads\/sites\/10\/Untitled-design-1.jpg);background-attachment: fixed; background-position: top center; ' data-section-bg-repeat='stretch' ><div class='container' ><div class='template-page content  av-content-full alpha units'><div class='post-entry post-entry-type-page post-entry-1232'><div class='entry-content-wrapper clearfix'>\n<div style='padding-bottom:0px; color:#ffffff;font-size:50px;' class='av-special-heading av-special-heading-h3 custom-color-heading blockquote modern-quote modern-centered  av-inherit-size '><h3 class='av-special-heading-tag '  itemprop=\"headline\"  >Ressourcen<\/h3><div class ='av-subheading av-subheading_below av_custom_color ' style='font-size:15px;'><p>Wissen und praktische Anleitung f\u00fcr Business Angels<\/p>\n<\/div><div class='special-heading-border'><div class='special-heading-inner-border' style='border-color:#ffffff'><\/div><\/div><\/div>\n\n<\/div><\/div><\/div><!-- close content main div --><\/div><\/div><div id='av_section_2' class='avia-section alternate_color avia-section-default avia-no-border-styling avia-bg-style-scroll   container_wrap fullsize' style = 'background-image: '  ><div class='container' ><div class='template-page content  av-content-full alpha units'><div class='post-entry post-entry-type-page post-entry-1232'><div class='entry-content-wrapper clearfix'>\n<section class=\"av_textblock_section \"  itemscope=\"itemscope\" itemtype=\"https:\/\/schema.org\/CreativeWork\" ><div class='avia_textblock  '   itemprop=\"text\" ><h4>Das Business Angel Institute stellt Ihnen eine Reihe von Ressourcen zur Verf\u00fcgung, mit denen Sie Ihr Know-how verbessern und tief in die Welt der Angel Investments eintauchen k\u00f6nnen.<\/h4>\n<\/div><\/section>\n\n<\/div><\/div><\/div><!-- close content main div --><\/div><\/div><div id='av_section_3' class='avia-section main_color avia-section-default avia-no-border-styling avia-bg-style-scroll   container_wrap fullsize' style = 'background-image: '  ><div class='container' ><div class='template-page content  av-content-full alpha units'><div class='post-entry post-entry-type-page post-entry-1232'><div class='entry-content-wrapper clearfix'>\n<div class=\"flex_column av_one_fourth  flex_column_div first  \" style='margin-top:0px; margin-bottom:0px; background: #ffffff; padding:10px; background-color:#ffffff; border-radius:0px; '><section class=\"av_textblock_section \"  itemscope=\"itemscope\" itemtype=\"https:\/\/schema.org\/CreativeWork\" ><div class='avia_textblock  '   itemprop=\"text\" ><h4>FORSCHUNG<\/h4>\n<\/div><\/section><br \/>\n<div class='avia-image-container  av-styling- av-hover-grow   avia-align-center '  itemprop=\"ImageObject\" itemscope=\"itemscope\" itemtype=\"https:\/\/schema.org\/ImageObject\"  ><div class='avia-image-container-inner'><div class='avia-image-overlay-wrap'><a href='https:\/\/businessangelinstitute.org\/de\/research\/' class='avia_image'  ><img class='avia_image ' src='https:\/\/businessangelinstitute.org\/de\/wp-content\/uploads\/sites\/10\/a.png' alt='Ressourcen' title='BAI Forschung'  itemprop=\"thumbnailUrl\"  \/><\/a><\/div><\/div><\/div><br \/>\n<section class=\"av_textblock_section \"  itemscope=\"itemscope\" itemtype=\"https:\/\/schema.org\/CreativeWork\" ><div class='avia_textblock  '   itemprop=\"text\" ><p>Eine Auswahl an europ\u00e4ischen und weltweiten <a href=\"https:\/\/businessangelinstitute.org\/de\/research\/\">Forschungsarbeiten und Projekten.<\/a><\/p>\n<\/div><\/section><\/p><\/div><div class=\"flex_column av_one_fourth  flex_column_div   \" style='margin-top:0px; margin-bottom:0px; background: #ffffff; padding:10px; background-color:#ffffff; border-radius:0px; '><section class=\"av_textblock_section \"  itemscope=\"itemscope\" itemtype=\"https:\/\/schema.org\/CreativeWork\" ><div class='avia_textblock  '   itemprop=\"text\" ><h4>BIBLIOTHEK<\/h4>\n<\/div><\/section><br \/>\n<div class='avia-image-container  av-styling- av-hover-grow   avia-align-center '  itemprop=\"ImageObject\" itemscope=\"itemscope\" itemtype=\"https:\/\/schema.org\/ImageObject\"  ><div class='avia-image-container-inner'><div class='avia-image-overlay-wrap'><a href='https:\/\/businessangelinstitute.org\/de\/ressourcen\/bibliothek\/' class='avia_image'  ><img class='avia_image ' src='https:\/\/businessangelinstitute.org\/de\/wp-content\/uploads\/sites\/10\/BAI-Resources-Bilder-Homepage-1-300x300-1.png' alt='' title='BAI-Resources-Bilder-Homepage-1-300x300'  itemprop=\"thumbnailUrl\"  \/><\/a><\/div><\/div><\/div><br \/>\n<section class=\"av_textblock_section \"  itemscope=\"itemscope\" itemtype=\"https:\/\/schema.org\/CreativeWork\" ><div class='avia_textblock  '   itemprop=\"text\" ><p><a href=\"https:\/\/businessangelinstitute.org\/de\/ressourcen\/bibliothek\/\">Bibliothek<\/a> mit allen &#8222;must-read&#8220; B\u00fcchern im Bereich Angel Investing.<\/p>\n<\/div><\/section><\/p><\/div><div class=\"flex_column av_one_fourth  flex_column_div   \" style='margin-top:0px; margin-bottom:0px; background: #ffffff; padding:10px; background-color:#ffffff; border-radius:0px; '><section class=\"av_textblock_section \"  itemscope=\"itemscope\" itemtype=\"https:\/\/schema.org\/CreativeWork\" ><div class='avia_textblock  '   itemprop=\"text\" ><h4>GLOSSAR<\/h4>\n<\/div><\/section><br \/>\n<div class='avia-image-container  av-styling- av-hover-grow   avia-align-center '  itemprop=\"ImageObject\" itemscope=\"itemscope\" itemtype=\"https:\/\/schema.org\/ImageObject\"  ><div class='avia-image-container-inner'><div class='avia-image-overlay-wrap'><a href='https:\/\/businessangelinstitute.org\/de\/ressourcen\/glossar\/' class='avia_image'  ><img class='avia_image ' src='https:\/\/businessangelinstitute.org\/de\/wp-content\/uploads\/sites\/10\/BAI-Resources-Bilder-Homepage-2-300x300-1.png' alt='' title='BAI-Resources-Bilder-Homepage-2-300x300'  itemprop=\"thumbnailUrl\"  \/><\/a><\/div><\/div><\/div><br \/>\n<section class=\"av_textblock_section \"  itemscope=\"itemscope\" itemtype=\"https:\/\/schema.org\/CreativeWork\" ><div class='avia_textblock  '   itemprop=\"text\" ><p>Alle spezifischen Begriffe des Angel Investing finden Sie in unserem <a href=\"https:\/\/businessangelinstitute.org\/de\/ressourcen\/glossar\/\">Glossar<\/a>.<\/p>\n<\/div><\/section><\/p><\/div><div class=\"flex_column av_one_fourth  flex_column_div   \" style='margin-top:0px; margin-bottom:0px; background: #ffffff; padding:10px; background-color:#ffffff; border-radius:0px; '><section class=\"av_textblock_section \"  itemscope=\"itemscope\" itemtype=\"https:\/\/schema.org\/CreativeWork\" ><div class='avia_textblock  '   itemprop=\"text\" ><h4>FAQ<\/h4>\n<\/div><\/section><br \/>\n<div class='avia-image-container  av-styling- av-hover-grow   avia-align-center '  itemprop=\"ImageObject\" itemscope=\"itemscope\" itemtype=\"https:\/\/schema.org\/ImageObject\"  ><div class='avia-image-container-inner'><div class='avia-image-overlay-wrap'><a href='https:\/\/businessangelinstitute.org\/de\/ressourcen\/faq\/' class='avia_image'  ><img class='avia_image ' src='https:\/\/businessangelinstitute.org\/de\/wp-content\/uploads\/sites\/10\/BAI-Resources-Bilder-Homepage-3-300x300-1.png' alt='' title='BAI-Resources-Bilder-Homepage-3-300x300'  itemprop=\"thumbnailUrl\"  \/><\/a><\/div><\/div><\/div><br \/>\n<section class=\"av_textblock_section \"  itemscope=\"itemscope\" itemtype=\"https:\/\/schema.org\/CreativeWork\" ><div class='avia_textblock  '   itemprop=\"text\" ><p><a href=\"https:\/\/businessangelinstitute.org\/de\/ressourcen\/faq\/\">Sammlung<\/a> der am h\u00e4ufigsten gestellten Fragen.<\/p>\n<\/div><\/section><\/p><\/div><div style=' margin-top:10px; margin-bottom:10px;'  class='hr hr-custom hr-center hr-icon-no  '><span class='hr-inner   inner-border-av-border-thin' style=' width:50px; border-color:rgba(0,0,0,0.01);' ><span class='hr-inner-style'><\/span><\/span><\/div>\n<div class='avia-button-wrap avia-button-center '><a href='https:\/\/businessangelinstitute.org\/newsletter-subscription\/' class='avia-button avia-button-fullwidth   avia-icon_select-no avia-color-custom '  target=\"_blank\"  style='color:#ffffff; background-color:#f4752b;  ' ><span class='avia_iconbox_title' >ABONNIEREN SIE UNSEREN NEWSLETTER<\/span><span class='avia_button_background avia-button avia-button-fullwidth avia-color-theme-color' ><\/span><\/a><\/div>\n<div style=' margin-top:10px; margin-bottom:10px;'  class='hr hr-custom hr-center hr-icon-no  '><span class='hr-inner   inner-border-av-border-thin' style=' width:50px; border-color:rgba(0,0,0,0.01);' ><span class='hr-inner-style'><\/span><\/span><\/div>\n\n","protected":false},"excerpt":{"rendered":"","protected":false},"author":2,"featured_media":4154,"parent":0,"menu_order":0,"comment_status":"closed","ping_status":"closed","template":"","meta":{"footnotes":""},"class_list":["post-1232","page","type-page","status-publish","has-post-thumbnail","hentry"],"yoast_head":"<!-- This site is optimized with the Yoast SEO Premium plugin v26.4 (Yoast SEO v27.3) - https:\/\/yoast.com\/product\/yoast-seo-premium-wordpress\/ -->\n<title>Ressourcen | BAI DACH | Wissen und praktische Anleitung<\/title>\n<meta name=\"description\" content=\"Das BAI stellt Ihnen Ressourcen zur Verf\u00fcgung, mit denen Sie Ihr Know-how verbessern und in die Welt der Angel Investments eintauchen k\u00f6nnen.\" \/>\n<meta name=\"robots\" content=\"index, follow, max-snippet:-1, max-image-preview:large, max-video-preview:-1\" \/>\n<link rel=\"canonical\" href=\"https:\/\/businessangelinstitute.org\/de\/ressourcen\/\" \/>\n<meta property=\"og:locale\" content=\"de_DE\" \/>\n<meta property=\"og:type\" content=\"article\" \/>\n<meta property=\"og:title\" content=\"Ressourcen | BAI DACH\" \/>\n<meta property=\"og:description\" content=\"Das BAI stellt Ihnen Ressourcen zur Verf\u00fcgung, mit denen Sie Ihr Know-how verbessern und in die Welt der Angel Investments eintauchen k\u00f6nnen.\" \/>\n<meta property=\"og:url\" content=\"https:\/\/businessangelinstitute.org\/de\/ressourcen\/\" \/>\n<meta property=\"og:site_name\" content=\"BAI DACH\" \/>\n<meta property=\"article:publisher\" content=\"https:\/\/www.facebook.com\/BusinessAngelInstitute\/\" \/>\n<meta property=\"article:modified_time\" content=\"2022-03-30T08:02:54+00:00\" \/>\n<meta property=\"og:image\" content=\"https:\/\/businessangelinstitute.org\/de\/wp-content\/uploads\/sites\/10\/Untitled-design-4-1.png\" \/>\n\t<meta property=\"og:image:width\" content=\"1800\" \/>\n\t<meta property=\"og:image:height\" content=\"1000\" \/>\n\t<meta property=\"og:image:type\" content=\"image\/png\" \/>\n<meta name=\"twitter:card\" content=\"summary_large_image\" \/>\n<meta name=\"twitter:title\" content=\"Ressourcen | BAI DACH\" \/>\n<meta name=\"twitter:description\" content=\"Das BAI stellt Ihnen Ressourcen zur Verf\u00fcgung, mit denen Sie Ihr Know-how verbessern und in die Welt der Angel Investments eintauchen k\u00f6nnen.\" \/>\n<meta name=\"twitter:site\" content=\"@angel_institute\" \/>\n<meta name=\"twitter:label1\" content=\"Gesch\u00e4tzte Lesezeit\" \/>\n\t<meta name=\"twitter:data1\" content=\"3\u00a0Minuten\" \/>\n<script type=\"application\/ld+json\" class=\"yoast-schema-graph\">{\"@context\":\"https:\\\/\\\/schema.org\",\"@graph\":[{\"@type\":\"WebPage\",\"@id\":\"https:\\\/\\\/businessangelinstitute.org\\\/de\\\/ressourcen\\\/\",\"url\":\"https:\\\/\\\/businessangelinstitute.org\\\/de\\\/ressourcen\\\/\",\"name\":\"Ressourcen | BAI DACH | Wissen und praktische Anleitung\",\"isPartOf\":{\"@id\":\"https:\\\/\\\/businessangelinstitute.org\\\/de\\\/#website\"},\"primaryImageOfPage\":{\"@id\":\"https:\\\/\\\/businessangelinstitute.org\\\/de\\\/ressourcen\\\/#primaryimage\"},\"image\":{\"@id\":\"https:\\\/\\\/businessangelinstitute.org\\\/de\\\/ressourcen\\\/#primaryimage\"},\"thumbnailUrl\":\"https:\\\/\\\/businessangelinstitute.org\\\/de\\\/wp-content\\\/uploads\\\/sites\\\/10\\\/Untitled-design-4-1.png\",\"datePublished\":\"2016-03-07T10:52:25+00:00\",\"dateModified\":\"2022-03-30T08:02:54+00:00\",\"description\":\"Das BAI stellt Ihnen Ressourcen zur Verf\u00fcgung, mit denen Sie Ihr Know-how verbessern und in die Welt der Angel Investments eintauchen k\u00f6nnen.\",\"breadcrumb\":{\"@id\":\"https:\\\/\\\/businessangelinstitute.org\\\/de\\\/ressourcen\\\/#breadcrumb\"},\"inLanguage\":\"de\",\"potentialAction\":[{\"@type\":\"ReadAction\",\"target\":[\"https:\\\/\\\/businessangelinstitute.org\\\/de\\\/ressourcen\\\/\"]}]},{\"@type\":\"ImageObject\",\"inLanguage\":\"de\",\"@id\":\"https:\\\/\\\/businessangelinstitute.org\\\/de\\\/ressourcen\\\/#primaryimage\",\"url\":\"https:\\\/\\\/businessangelinstitute.org\\\/de\\\/wp-content\\\/uploads\\\/sites\\\/10\\\/Untitled-design-4-1.png\",\"contentUrl\":\"https:\\\/\\\/businessangelinstitute.org\\\/de\\\/wp-content\\\/uploads\\\/sites\\\/10\\\/Untitled-design-4-1.png\",\"width\":1800,\"height\":1000,\"caption\":\"Ressourcen\"},{\"@type\":\"BreadcrumbList\",\"@id\":\"https:\\\/\\\/businessangelinstitute.org\\\/de\\\/ressourcen\\\/#breadcrumb\",\"itemListElement\":[{\"@type\":\"ListItem\",\"position\":1,\"name\":\"Home\",\"item\":\"https:\\\/\\\/businessangelinstitute.org\\\/de\\\/\"},{\"@type\":\"ListItem\",\"position\":2,\"name\":\"Ressourcen\"}]},{\"@type\":\"WebSite\",\"@id\":\"https:\\\/\\\/businessangelinstitute.org\\\/de\\\/#website\",\"url\":\"https:\\\/\\\/businessangelinstitute.org\\\/de\\\/\",\"name\":\"Business Angel Institute\",\"description\":\"Wissen und Know-how f\u00fcr Fr\u00fchphasen-Investoren\",\"publisher\":{\"@id\":\"https:\\\/\\\/businessangelinstitute.org\\\/de\\\/#organization\"},\"potentialAction\":[{\"@type\":\"SearchAction\",\"target\":{\"@type\":\"EntryPoint\",\"urlTemplate\":\"https:\\\/\\\/businessangelinstitute.org\\\/de\\\/?s={search_term_string}\"},\"query-input\":{\"@type\":\"PropertyValueSpecification\",\"valueRequired\":true,\"valueName\":\"search_term_string\"}}],\"inLanguage\":\"de\"},{\"@type\":\"Organization\",\"@id\":\"https:\\\/\\\/businessangelinstitute.org\\\/de\\\/#organization\",\"name\":\"Business Angel Institute\",\"url\":\"https:\\\/\\\/businessangelinstitute.org\\\/de\\\/\",\"logo\":{\"@type\":\"ImageObject\",\"inLanguage\":\"de\",\"@id\":\"https:\\\/\\\/businessangelinstitute.org\\\/de\\\/#\\\/schema\\\/logo\\\/image\\\/\",\"url\":\"https:\\\/\\\/businessangelinstitute.org\\\/de\\\/wp-content\\\/uploads\\\/sites\\\/10\\\/Logo_BAI_final.png\",\"contentUrl\":\"https:\\\/\\\/businessangelinstitute.org\\\/de\\\/wp-content\\\/uploads\\\/sites\\\/10\\\/Logo_BAI_final.png\",\"width\":185,\"height\":56,\"caption\":\"Business Angel Institute\"},\"image\":{\"@id\":\"https:\\\/\\\/businessangelinstitute.org\\\/de\\\/#\\\/schema\\\/logo\\\/image\\\/\"},\"sameAs\":[\"https:\\\/\\\/www.facebook.com\\\/BusinessAngelInstitute\\\/\",\"https:\\\/\\\/x.com\\\/angel_institute\"]}]}<\/script>\n<!-- \/ Yoast SEO Premium plugin. -->","yoast_head_json":{"title":"Ressourcen | BAI DACH | Wissen und praktische Anleitung","description":"Das BAI stellt Ihnen Ressourcen zur Verf\u00fcgung, mit denen Sie Ihr Know-how verbessern und in die Welt der Angel Investments eintauchen k\u00f6nnen.","robots":{"index":"index","follow":"follow","max-snippet":"max-snippet:-1","max-image-preview":"max-image-preview:large","max-video-preview":"max-video-preview:-1"},"canonical":"https:\/\/businessangelinstitute.org\/de\/ressourcen\/","og_locale":"de_DE","og_type":"article","og_title":"Ressourcen | BAI DACH","og_description":"Das BAI stellt Ihnen Ressourcen zur Verf\u00fcgung, mit denen Sie Ihr Know-how verbessern und in die Welt der Angel Investments eintauchen k\u00f6nnen.","og_url":"https:\/\/businessangelinstitute.org\/de\/ressourcen\/","og_site_name":"BAI DACH","article_publisher":"https:\/\/www.facebook.com\/BusinessAngelInstitute\/","article_modified_time":"2022-03-30T08:02:54+00:00","og_image":[{"width":1800,"height":1000,"url":"https:\/\/businessangelinstitute.org\/de\/wp-content\/uploads\/sites\/10\/Untitled-design-4-1.png","type":"image\/png"}],"twitter_card":"summary_large_image","twitter_title":"Ressourcen | BAI DACH","twitter_description":"Das BAI stellt Ihnen Ressourcen zur Verf\u00fcgung, mit denen Sie Ihr Know-how verbessern und in die Welt der Angel Investments eintauchen k\u00f6nnen.","twitter_site":"@angel_institute","twitter_misc":{"Gesch\u00e4tzte Lesezeit":"3\u00a0Minuten"},"schema":{"@context":"https:\/\/schema.org","@graph":[{"@type":"WebPage","@id":"https:\/\/businessangelinstitute.org\/de\/ressourcen\/","url":"https:\/\/businessangelinstitute.org\/de\/ressourcen\/","name":"Ressourcen | BAI DACH | Wissen und praktische Anleitung","isPartOf":{"@id":"https:\/\/businessangelinstitute.org\/de\/#website"},"primaryImageOfPage":{"@id":"https:\/\/businessangelinstitute.org\/de\/ressourcen\/#primaryimage"},"image":{"@id":"https:\/\/businessangelinstitute.org\/de\/ressourcen\/#primaryimage"},"thumbnailUrl":"https:\/\/businessangelinstitute.org\/de\/wp-content\/uploads\/sites\/10\/Untitled-design-4-1.png","datePublished":"2016-03-07T10:52:25+00:00","dateModified":"2022-03-30T08:02:54+00:00","description":"Das BAI stellt Ihnen Ressourcen zur Verf\u00fcgung, mit denen Sie Ihr Know-how verbessern und in die Welt der Angel Investments eintauchen k\u00f6nnen.","breadcrumb":{"@id":"https:\/\/businessangelinstitute.org\/de\/ressourcen\/#breadcrumb"},"inLanguage":"de","potentialAction":[{"@type":"ReadAction","target":["https:\/\/businessangelinstitute.org\/de\/ressourcen\/"]}]},{"@type":"ImageObject","inLanguage":"de","@id":"https:\/\/businessangelinstitute.org\/de\/ressourcen\/#primaryimage","url":"https:\/\/businessangelinstitute.org\/de\/wp-content\/uploads\/sites\/10\/Untitled-design-4-1.png","contentUrl":"https:\/\/businessangelinstitute.org\/de\/wp-content\/uploads\/sites\/10\/Untitled-design-4-1.png","width":1800,"height":1000,"caption":"Ressourcen"},{"@type":"BreadcrumbList","@id":"https:\/\/businessangelinstitute.org\/de\/ressourcen\/#breadcrumb","itemListElement":[{"@type":"ListItem","position":1,"name":"Home","item":"https:\/\/businessangelinstitute.org\/de\/"},{"@type":"ListItem","position":2,"name":"Ressourcen"}]},{"@type":"WebSite","@id":"https:\/\/businessangelinstitute.org\/de\/#website","url":"https:\/\/businessangelinstitute.org\/de\/","name":"Business Angel Institute","description":"Wissen und Know-how f\u00fcr Fr\u00fchphasen-Investoren","publisher":{"@id":"https:\/\/businessangelinstitute.org\/de\/#organization"},"potentialAction":[{"@type":"SearchAction","target":{"@type":"EntryPoint","urlTemplate":"https:\/\/businessangelinstitute.org\/de\/?s={search_term_string}"},"query-input":{"@type":"PropertyValueSpecification","valueRequired":true,"valueName":"search_term_string"}}],"inLanguage":"de"},{"@type":"Organization","@id":"https:\/\/businessangelinstitute.org\/de\/#organization","name":"Business Angel Institute","url":"https:\/\/businessangelinstitute.org\/de\/","logo":{"@type":"ImageObject","inLanguage":"de","@id":"https:\/\/businessangelinstitute.org\/de\/#\/schema\/logo\/image\/","url":"https:\/\/businessangelinstitute.org\/de\/wp-content\/uploads\/sites\/10\/Logo_BAI_final.png","contentUrl":"https:\/\/businessangelinstitute.org\/de\/wp-content\/uploads\/sites\/10\/Logo_BAI_final.png","width":185,"height":56,"caption":"Business Angel Institute"},"image":{"@id":"https:\/\/businessangelinstitute.org\/de\/#\/schema\/logo\/image\/"},"sameAs":["https:\/\/www.facebook.com\/BusinessAngelInstitute\/","https:\/\/x.com\/angel_institute"]}]}},"_links":{"self":[{"href":"https:\/\/businessangelinstitute.org\/de\/wp-json\/wp\/v2\/pages\/1232","targetHints":{"allow":["GET"]}}],"collection":[{"href":"https:\/\/businessangelinstitute.org\/de\/wp-json\/wp\/v2\/pages"}],"about":[{"href":"https:\/\/businessangelinstitute.org\/de\/wp-json\/wp\/v2\/types\/page"}],"author":[{"embeddable":true,"href":"https:\/\/businessangelinstitute.org\/de\/wp-json\/wp\/v2\/users\/2"}],"replies":[{"embeddable":true,"href":"https:\/\/businessangelinstitute.org\/de\/wp-json\/wp\/v2\/comments?post=1232"}],"version-history":[{"count":10,"href":"https:\/\/businessangelinstitute.org\/de\/wp-json\/wp\/v2\/pages\/1232\/revisions"}],"predecessor-version":[{"id":4153,"href":"https:\/\/businessangelinstitute.org\/de\/wp-json\/wp\/v2\/pages\/1232\/revisions\/4153"}],"wp:featuredmedia":[{"embeddable":true,"href":"https:\/\/businessangelinstitute.org\/de\/wp-json\/wp\/v2\/media\/4154"}],"wp:attachment":[{"href":"https:\/\/businessangelinstitute.org\/de\/wp-json\/wp\/v2\/media?parent=1232"}],"curies":[{"name":"wp","href":"https:\/\/api.w.org\/{rel}","templated":true}]}}