{"id":512,"date":"2016-02-04T15:54:55","date_gmt":"2016-02-04T14:54:55","guid":{"rendered":"http:\/\/businessangelinstitute.org\/?page_id=512"},"modified":"2022-03-28T14:15:51","modified_gmt":"2022-03-28T12:15:51","slug":"verhaltenskodex","status":"publish","type":"page","link":"https:\/\/businessangelinstitute.org\/de\/kurse\/certified-business-angel\/verhaltenskodex\/","title":{"rendered":"Verhaltenskodex"},"content":{"rendered":"<\/div><\/div><\/div><!-- close content main div --><\/div><\/div><div id='av_section_1' class='avia-section main_color avia-section-no-padding avia-no-shadow avia-full-stretch avia-bg-style-fixed   av-minimum-height av-minimum-height-50 container_wrap fullsize' style = 'background-repeat: no-repeat; background-image: url(https:\/\/businessangelinstitute.org\/de\/wp-content\/uploads\/sites\/10\/shutterstock_616259696.jpg);background-attachment: fixed; background-position: top left; ' data-section-bg-repeat='stretch' ><div class='container' ><div class='template-page content  av-content-full alpha units'><div class='post-entry post-entry-type-page post-entry-512'><div class='entry-content-wrapper clearfix'>\n<div style='padding-bottom:0px; color:#ffffff;font-size:50px;' class='av-special-heading av-special-heading-h3 custom-color-heading blockquote modern-quote modern-centered  av-inherit-size '><h3 class='av-special-heading-tag '  itemprop=\"headline\"  >Verhaltenskodex<\/h3><div class ='av-subheading av-subheading_below av_custom_color ' style='font-size:15px;'><p>Verhaltenskodex f\u00fcr CBA`s<\/p>\n<\/div><div class='special-heading-border'><div class='special-heading-inner-border' style='border-color:#ffffff'><\/div><\/div><\/div>\n<\/div><\/div><\/div><!-- close content main div --><\/div><\/div><div id='av_section_2' class='avia-section alternate_color avia-section-default avia-no-border-styling avia-bg-style-scroll   container_wrap fullsize' style = 'background-color: #f4752b; background-image: '  ><div class='container' ><div class='template-page content  av-content-full alpha units'><div class='post-entry post-entry-type-page post-entry-512'><div class='entry-content-wrapper clearfix'>\n<section class=\"av_textblock_section \"  itemscope=\"itemscope\" itemtype=\"https:\/\/schema.org\/CreativeWork\" ><div class='avia_textblock  '   itemprop=\"text\" ><h4>Von Certified Business Angels wird erwartet, dass sie sich an diesen Verhaltenskodex halten, der auf dem Kodex der Arbeitsgruppe proEthik basiert.<\/h4>\n<\/div><\/section>\n<\/p>\n<\/div><\/div><\/div><!-- close content main div --><\/div><\/div><div id='av_section_3' class='avia-section main_color avia-section-small avia-no-border-styling avia-bg-style-scroll   container_wrap fullsize' style = 'background-image: '  ><div class='container' ><div class='template-page content  av-content-full alpha units'><div class='post-entry post-entry-type-page post-entry-512'><div class='entry-content-wrapper clearfix'>\n<div class='flex_column_table av-equal-height-column-flextable -flextable' style='margin-top:15px; margin-bottom:0px; '><div class=\"flex_column av_one_full  no_margin flex_column_table_cell av-equal-height-column av-align-top first  \" style='background: #ffffff; padding:30px; background-color:#ffffff; border-radius:0px; '><section class=\"av_textblock_section \"  itemscope=\"itemscope\" itemtype=\"https:\/\/schema.org\/CreativeWork\" ><div class='avia_textblock  '   itemprop=\"text\" ><ul>\n<li>Certified Business Angels verpflichten sich, die Interessen ihrer Kunden mit gr\u00f6\u00dfter Sorgfalt und Gewissenhaftigkeit wahrzunehmen.<\/li>\n<li>Ihr Verhalten gegen\u00fcber anderen Unternehmern wird so sein, wie sie erwarten, selbst von einem aufrechten Unternehmer behandelt zu werden.<\/li>\n<li>F\u00fcr Certified Business Angels hat die Ausgewogenheit zwischen der Zufriedenheit des Kunden und seiner eigenen Zufriedenheit h\u00f6chste Priorit\u00e4t. Um dieses Ziel zu erreichen, sind ein H\u00f6chstma\u00df an Professionalit\u00e4t, Wissen und Einsatz modernster Technologie, Anpassung an die Bed\u00fcrfnisse des Klienten sowie eine rasche Vertragserf\u00fcllung und korrektes Verhalten gegen\u00fcber den Klienten unabdingbar.<\/li>\n<li>Zertifizierte Business Angels werden es vermeiden, die Erwartungen der Kunden entweder durch bewusste Handlungen oder Vernachl\u00e4ssigung in Bezug auf ihre Produkte sowie ihre F\u00e4higkeit und Bereitschaft zur Leistung zu steigern, die nicht realistisch sind.<\/li>\n<li>Sie achten darauf, ihre \u00d6ffentlichkeitsarbeit mit den allgemein anerkannten Grundwerten unserer Gesellschaft in Einklang zu bringen.<\/li>\n<li>Alle Handlungen, die der Erf\u00fcllung eines Vertrages dienen, stehen im Einklang mit bestehenden Gesetzen und Vorschriften.<\/li>\n<li>Alle \u00fcbernommenen Verpflichtungen werden auf der Grundlage der Grunds\u00e4tze der Vertragserf\u00fcllung, Korrektheit, Ehrlichkeit, Transparenz und Professionalit\u00e4t erf\u00fcllt.<\/li>\n<li>Erhalten Certified Business Angels Kenntnis von Umst\u00e4nden, die &#8211; auch ohne eigenes Verschulden &#8211; die vertragsgem\u00e4\u00dfe Erf\u00fcllung des Vertrages gef\u00e4hrden k\u00f6nnten, werden sie den Auftraggeber unverz\u00fcglich dar\u00fcber informieren.<\/li>\n<li>Erlangen sie Kenntnis von Umst\u00e4nden, die dazu f\u00fchren k\u00f6nnten, dass die vertragsgem\u00e4\u00dfe Erf\u00fcllung des Vertrages den Interessen des Klienten schadet, haben sie den Klienten unverz\u00fcglich zu informieren und zu warnen.<\/li>\n<li>Certified Business Angels sind zur Verschwiegenheit \u00fcber alles, was der Klient ihnen anvertraut, und \u00fcber alle anderen Angelegenheiten, von denen sie erfahren und deren Verschweigen im Interesse des Klienten liegt, verpflichtet. Insbesondere geben sie keine Informationen \u00fcber den Klienten und dessen Verhalten weiter, unabh\u00e4ngig davon, ob sie daf\u00fcr eine Bezahlung erhalten.<\/li>\n<li>Diese Geheimhaltungspflicht ist nicht wirksam, wenn nachteilige Auswirkungen oder Gefahren f\u00fcr das Leben, die k\u00f6rperliche Unversehrtheit, die Freiheit oder das Eigentum Dritter entstehen k\u00f6nnten, die eine strafrechtliche Haftung nach sich ziehen.<\/li>\n<li>Certified Business Angels stehen in \u00dcbereinstimmung mit dem entsprechenden Rechtsrahmen im offenen Wettbewerb.<\/li>\n<li>Wenn ein Certified Business Angel bei der Erf\u00fcllung eines Vertrages mit einem anderen Unternehmen zusammenarbeitet, akzeptiert er dieses als gleichberechtigten Partner und behandelt es mit Respekt. Erkennt das Mitglied jedoch, dass die Interessen des Kunden durch den Partner negativ beeinflusst werden k\u00f6nnten, wird es geeignete Massnahmen ergreifen, um diese Gefahr abzuwenden. So vermeidet es die Zusammenarbeit mit Unternehmen, die als unzuverl\u00e4ssig bekannt sind.<\/li>\n<li>Certified Business Angels wenden keine illegalen oder unlauteren Mittel an, um an Informationen, Gesch\u00e4fte, \u00f6ffentliche Auftr\u00e4ge oder Informationen \u00fcber Gesch\u00e4ftsgeheimnisse von Wettbewerbern zu gelangen. Sollte ein Angestellter eines anderen Unternehmens einem Certified Business Angel solche Informationen anbieten, so wird das Mitglied dies nicht akzeptieren, sondern unverz\u00fcglich die Gesch\u00e4ftsleitung des betreffenden Unternehmens informieren.<\/li>\n<li>Certified Business Angels diskriminieren eine Person nicht aufgrund von Alter, Gesundheit, Geschlecht, sexueller Orientierung, geistiger oder k\u00f6rperlicher Behinderung, Herkunft, Sprache, Rasse, Hautfarbe, ethnischer Zugeh\u00f6rigkeit oder Nationalit\u00e4t, religi\u00f6ser oder politischer Ansichten und Zugeh\u00f6rigkeit zu einer sozialen Gruppe.<\/li>\n<\/ul>\n<p><strong>Von allen Certified Business Angels wird erwartet, dass sie diese Regeln in ihrem Gesch\u00e4ftsalltag umsetzen und sich jeglichen Verhaltens enthalten, das das Vertrauen der \u00d6ffentlichkeit in diesen Kodex untergraben k\u00f6nnte.<\/strong><\/p>\n<\/div><\/section><br \/>\n<div  class='hr hr-default  '><span class='hr-inner ' ><span class='hr-inner-style'><\/span><\/span><\/div><\/p><\/div><\/div><!--close column table wrapper. Autoclose: 1 -->\n\n","protected":false},"excerpt":{"rendered":"","protected":false},"author":2,"featured_media":4146,"parent":499,"menu_order":0,"comment_status":"closed","ping_status":"closed","template":"","meta":{"footnotes":""},"class_list":["post-512","page","type-page","status-publish","has-post-thumbnail","hentry"],"yoast_head":"<!-- This site is optimized with the Yoast SEO Premium plugin v26.4 (Yoast SEO v27.3) - https:\/\/yoast.com\/product\/yoast-seo-premium-wordpress\/ -->\n<title>Verhaltenskodex | BAI DACH | Verhaltenskodex f\u00fcr CBA`s<\/title>\n<meta name=\"description\" content=\"Unser ethischer Standard, an den sich Certified Business Angels halten sollen, basiert auf dem Verhaltenskodex der Arbeitsgruppe proEthik.\" \/>\n<meta name=\"robots\" content=\"index, follow, max-snippet:-1, max-image-preview:large, max-video-preview:-1\" \/>\n<link rel=\"canonical\" href=\"https:\/\/businessangelinstitute.org\/de\/kurse\/certified-business-angel\/verhaltenskodex\/\" \/>\n<meta property=\"og:locale\" content=\"de_DE\" \/>\n<meta property=\"og:type\" content=\"article\" \/>\n<meta property=\"og:title\" content=\"Verhaltenskodex | BAI DACH\" \/>\n<meta property=\"og:description\" content=\"Unser ethischer Standard, an den sich Certified Business Angels halten sollen, basiert auf dem Verhaltenskodex der Arbeitsgruppe proEthik.\" \/>\n<meta property=\"og:url\" content=\"https:\/\/businessangelinstitute.org\/de\/kurse\/certified-business-angel\/verhaltenskodex\/\" \/>\n<meta property=\"og:site_name\" content=\"BAI DACH\" \/>\n<meta property=\"article:publisher\" content=\"https:\/\/www.facebook.com\/BusinessAngelInstitute\/\" \/>\n<meta property=\"article:modified_time\" content=\"2022-03-28T12:15:51+00:00\" \/>\n<meta property=\"og:image\" content=\"https:\/\/businessangelinstitute.org\/de\/wp-content\/uploads\/sites\/10\/Untitled-design-12.png\" \/>\n\t<meta property=\"og:image:width\" content=\"1800\" \/>\n\t<meta property=\"og:image:height\" content=\"1000\" \/>\n\t<meta property=\"og:image:type\" content=\"image\/png\" \/>\n<meta name=\"twitter:card\" content=\"summary_large_image\" \/>\n<meta name=\"twitter:title\" content=\"Verhaltenskodex | BAI DACH\" \/>\n<meta name=\"twitter:description\" content=\"Unser ethischer Standard, an den sich Certified Business Angels halten sollen, basiert auf dem Verhaltenskodex der Arbeitsgruppe proEthik.\" \/>\n<meta name=\"twitter:site\" content=\"@angel_institute\" \/>\n<meta name=\"twitter:label1\" content=\"Gesch\u00e4tzte Lesezeit\" \/>\n\t<meta name=\"twitter:data1\" content=\"4\u00a0Minuten\" \/>\n<script type=\"application\/ld+json\" class=\"yoast-schema-graph\">{\"@context\":\"https:\\\/\\\/schema.org\",\"@graph\":[{\"@type\":\"WebPage\",\"@id\":\"https:\\\/\\\/businessangelinstitute.org\\\/de\\\/kurse\\\/certified-business-angel\\\/verhaltenskodex\\\/\",\"url\":\"https:\\\/\\\/businessangelinstitute.org\\\/de\\\/kurse\\\/certified-business-angel\\\/verhaltenskodex\\\/\",\"name\":\"Verhaltenskodex | BAI DACH | Verhaltenskodex f\u00fcr CBA`s\",\"isPartOf\":{\"@id\":\"https:\\\/\\\/businessangelinstitute.org\\\/de\\\/#website\"},\"primaryImageOfPage\":{\"@id\":\"https:\\\/\\\/businessangelinstitute.org\\\/de\\\/kurse\\\/certified-business-angel\\\/verhaltenskodex\\\/#primaryimage\"},\"image\":{\"@id\":\"https:\\\/\\\/businessangelinstitute.org\\\/de\\\/kurse\\\/certified-business-angel\\\/verhaltenskodex\\\/#primaryimage\"},\"thumbnailUrl\":\"https:\\\/\\\/businessangelinstitute.org\\\/de\\\/wp-content\\\/uploads\\\/sites\\\/10\\\/Untitled-design-12.png\",\"datePublished\":\"2016-02-04T14:54:55+00:00\",\"dateModified\":\"2022-03-28T12:15:51+00:00\",\"description\":\"Unser ethischer Standard, an den sich Certified Business Angels halten sollen, basiert auf dem Verhaltenskodex der Arbeitsgruppe proEthik.\",\"breadcrumb\":{\"@id\":\"https:\\\/\\\/businessangelinstitute.org\\\/de\\\/kurse\\\/certified-business-angel\\\/verhaltenskodex\\\/#breadcrumb\"},\"inLanguage\":\"de\",\"potentialAction\":[{\"@type\":\"ReadAction\",\"target\":[\"https:\\\/\\\/businessangelinstitute.org\\\/de\\\/kurse\\\/certified-business-angel\\\/verhaltenskodex\\\/\"]}]},{\"@type\":\"ImageObject\",\"inLanguage\":\"de\",\"@id\":\"https:\\\/\\\/businessangelinstitute.org\\\/de\\\/kurse\\\/certified-business-angel\\\/verhaltenskodex\\\/#primaryimage\",\"url\":\"https:\\\/\\\/businessangelinstitute.org\\\/de\\\/wp-content\\\/uploads\\\/sites\\\/10\\\/Untitled-design-12.png\",\"contentUrl\":\"https:\\\/\\\/businessangelinstitute.org\\\/de\\\/wp-content\\\/uploads\\\/sites\\\/10\\\/Untitled-design-12.png\",\"width\":1800,\"height\":1000,\"caption\":\"Verhaltenskodex\"},{\"@type\":\"BreadcrumbList\",\"@id\":\"https:\\\/\\\/businessangelinstitute.org\\\/de\\\/kurse\\\/certified-business-angel\\\/verhaltenskodex\\\/#breadcrumb\",\"itemListElement\":[{\"@type\":\"ListItem\",\"position\":1,\"name\":\"Home\",\"item\":\"https:\\\/\\\/businessangelinstitute.org\\\/de\\\/\"},{\"@type\":\"ListItem\",\"position\":2,\"name\":\"Kurse\",\"item\":\"https:\\\/\\\/businessangelinstitute.org\\\/de\\\/kurse\\\/\"},{\"@type\":\"ListItem\",\"position\":3,\"name\":\"Certified Business Angel\",\"item\":\"https:\\\/\\\/businessangelinstitute.org\\\/de\\\/kurse\\\/certified-business-angel\\\/\"},{\"@type\":\"ListItem\",\"position\":4,\"name\":\"Verhaltenskodex\"}]},{\"@type\":\"WebSite\",\"@id\":\"https:\\\/\\\/businessangelinstitute.org\\\/de\\\/#website\",\"url\":\"https:\\\/\\\/businessangelinstitute.org\\\/de\\\/\",\"name\":\"Business Angel Institute\",\"description\":\"Wissen und Know-how f\u00fcr Fr\u00fchphasen-Investoren\",\"publisher\":{\"@id\":\"https:\\\/\\\/businessangelinstitute.org\\\/de\\\/#organization\"},\"potentialAction\":[{\"@type\":\"SearchAction\",\"target\":{\"@type\":\"EntryPoint\",\"urlTemplate\":\"https:\\\/\\\/businessangelinstitute.org\\\/de\\\/?s={search_term_string}\"},\"query-input\":{\"@type\":\"PropertyValueSpecification\",\"valueRequired\":true,\"valueName\":\"search_term_string\"}}],\"inLanguage\":\"de\"},{\"@type\":\"Organization\",\"@id\":\"https:\\\/\\\/businessangelinstitute.org\\\/de\\\/#organization\",\"name\":\"Business Angel Institute\",\"url\":\"https:\\\/\\\/businessangelinstitute.org\\\/de\\\/\",\"logo\":{\"@type\":\"ImageObject\",\"inLanguage\":\"de\",\"@id\":\"https:\\\/\\\/businessangelinstitute.org\\\/de\\\/#\\\/schema\\\/logo\\\/image\\\/\",\"url\":\"https:\\\/\\\/businessangelinstitute.org\\\/de\\\/wp-content\\\/uploads\\\/sites\\\/10\\\/Logo_BAI_final.png\",\"contentUrl\":\"https:\\\/\\\/businessangelinstitute.org\\\/de\\\/wp-content\\\/uploads\\\/sites\\\/10\\\/Logo_BAI_final.png\",\"width\":185,\"height\":56,\"caption\":\"Business Angel Institute\"},\"image\":{\"@id\":\"https:\\\/\\\/businessangelinstitute.org\\\/de\\\/#\\\/schema\\\/logo\\\/image\\\/\"},\"sameAs\":[\"https:\\\/\\\/www.facebook.com\\\/BusinessAngelInstitute\\\/\",\"https:\\\/\\\/x.com\\\/angel_institute\"]}]}<\/script>\n<!-- \/ Yoast SEO Premium plugin. -->","yoast_head_json":{"title":"Verhaltenskodex | BAI DACH | Verhaltenskodex f\u00fcr CBA`s","description":"Unser ethischer Standard, an den sich Certified Business Angels halten sollen, basiert auf dem Verhaltenskodex der Arbeitsgruppe proEthik.","robots":{"index":"index","follow":"follow","max-snippet":"max-snippet:-1","max-image-preview":"max-image-preview:large","max-video-preview":"max-video-preview:-1"},"canonical":"https:\/\/businessangelinstitute.org\/de\/kurse\/certified-business-angel\/verhaltenskodex\/","og_locale":"de_DE","og_type":"article","og_title":"Verhaltenskodex | BAI DACH","og_description":"Unser ethischer Standard, an den sich Certified Business Angels halten sollen, basiert auf dem Verhaltenskodex der Arbeitsgruppe proEthik.","og_url":"https:\/\/businessangelinstitute.org\/de\/kurse\/certified-business-angel\/verhaltenskodex\/","og_site_name":"BAI DACH","article_publisher":"https:\/\/www.facebook.com\/BusinessAngelInstitute\/","article_modified_time":"2022-03-28T12:15:51+00:00","og_image":[{"width":1800,"height":1000,"url":"https:\/\/businessangelinstitute.org\/de\/wp-content\/uploads\/sites\/10\/Untitled-design-12.png","type":"image\/png"}],"twitter_card":"summary_large_image","twitter_title":"Verhaltenskodex | BAI DACH","twitter_description":"Unser ethischer Standard, an den sich Certified Business Angels halten sollen, basiert auf dem Verhaltenskodex der Arbeitsgruppe proEthik.","twitter_site":"@angel_institute","twitter_misc":{"Gesch\u00e4tzte Lesezeit":"4\u00a0Minuten"},"schema":{"@context":"https:\/\/schema.org","@graph":[{"@type":"WebPage","@id":"https:\/\/businessangelinstitute.org\/de\/kurse\/certified-business-angel\/verhaltenskodex\/","url":"https:\/\/businessangelinstitute.org\/de\/kurse\/certified-business-angel\/verhaltenskodex\/","name":"Verhaltenskodex | BAI DACH | Verhaltenskodex f\u00fcr CBA`s","isPartOf":{"@id":"https:\/\/businessangelinstitute.org\/de\/#website"},"primaryImageOfPage":{"@id":"https:\/\/businessangelinstitute.org\/de\/kurse\/certified-business-angel\/verhaltenskodex\/#primaryimage"},"image":{"@id":"https:\/\/businessangelinstitute.org\/de\/kurse\/certified-business-angel\/verhaltenskodex\/#primaryimage"},"thumbnailUrl":"https:\/\/businessangelinstitute.org\/de\/wp-content\/uploads\/sites\/10\/Untitled-design-12.png","datePublished":"2016-02-04T14:54:55+00:00","dateModified":"2022-03-28T12:15:51+00:00","description":"Unser ethischer Standard, an den sich Certified Business Angels halten sollen, basiert auf dem Verhaltenskodex der Arbeitsgruppe proEthik.","breadcrumb":{"@id":"https:\/\/businessangelinstitute.org\/de\/kurse\/certified-business-angel\/verhaltenskodex\/#breadcrumb"},"inLanguage":"de","potentialAction":[{"@type":"ReadAction","target":["https:\/\/businessangelinstitute.org\/de\/kurse\/certified-business-angel\/verhaltenskodex\/"]}]},{"@type":"ImageObject","inLanguage":"de","@id":"https:\/\/businessangelinstitute.org\/de\/kurse\/certified-business-angel\/verhaltenskodex\/#primaryimage","url":"https:\/\/businessangelinstitute.org\/de\/wp-content\/uploads\/sites\/10\/Untitled-design-12.png","contentUrl":"https:\/\/businessangelinstitute.org\/de\/wp-content\/uploads\/sites\/10\/Untitled-design-12.png","width":1800,"height":1000,"caption":"Verhaltenskodex"},{"@type":"BreadcrumbList","@id":"https:\/\/businessangelinstitute.org\/de\/kurse\/certified-business-angel\/verhaltenskodex\/#breadcrumb","itemListElement":[{"@type":"ListItem","position":1,"name":"Home","item":"https:\/\/businessangelinstitute.org\/de\/"},{"@type":"ListItem","position":2,"name":"Kurse","item":"https:\/\/businessangelinstitute.org\/de\/kurse\/"},{"@type":"ListItem","position":3,"name":"Certified Business Angel","item":"https:\/\/businessangelinstitute.org\/de\/kurse\/certified-business-angel\/"},{"@type":"ListItem","position":4,"name":"Verhaltenskodex"}]},{"@type":"WebSite","@id":"https:\/\/businessangelinstitute.org\/de\/#website","url":"https:\/\/businessangelinstitute.org\/de\/","name":"Business Angel Institute","description":"Wissen und Know-how f\u00fcr Fr\u00fchphasen-Investoren","publisher":{"@id":"https:\/\/businessangelinstitute.org\/de\/#organization"},"potentialAction":[{"@type":"SearchAction","target":{"@type":"EntryPoint","urlTemplate":"https:\/\/businessangelinstitute.org\/de\/?s={search_term_string}"},"query-input":{"@type":"PropertyValueSpecification","valueRequired":true,"valueName":"search_term_string"}}],"inLanguage":"de"},{"@type":"Organization","@id":"https:\/\/businessangelinstitute.org\/de\/#organization","name":"Business Angel Institute","url":"https:\/\/businessangelinstitute.org\/de\/","logo":{"@type":"ImageObject","inLanguage":"de","@id":"https:\/\/businessangelinstitute.org\/de\/#\/schema\/logo\/image\/","url":"https:\/\/businessangelinstitute.org\/de\/wp-content\/uploads\/sites\/10\/Logo_BAI_final.png","contentUrl":"https:\/\/businessangelinstitute.org\/de\/wp-content\/uploads\/sites\/10\/Logo_BAI_final.png","width":185,"height":56,"caption":"Business Angel Institute"},"image":{"@id":"https:\/\/businessangelinstitute.org\/de\/#\/schema\/logo\/image\/"},"sameAs":["https:\/\/www.facebook.com\/BusinessAngelInstitute\/","https:\/\/x.com\/angel_institute"]}]}},"_links":{"self":[{"href":"https:\/\/businessangelinstitute.org\/de\/wp-json\/wp\/v2\/pages\/512","targetHints":{"allow":["GET"]}}],"collection":[{"href":"https:\/\/businessangelinstitute.org\/de\/wp-json\/wp\/v2\/pages"}],"about":[{"href":"https:\/\/businessangelinstitute.org\/de\/wp-json\/wp\/v2\/types\/page"}],"author":[{"embeddable":true,"href":"https:\/\/businessangelinstitute.org\/de\/wp-json\/wp\/v2\/users\/2"}],"replies":[{"embeddable":true,"href":"https:\/\/businessangelinstitute.org\/de\/wp-json\/wp\/v2\/comments?post=512"}],"version-history":[{"count":9,"href":"https:\/\/businessangelinstitute.org\/de\/wp-json\/wp\/v2\/pages\/512\/revisions"}],"predecessor-version":[{"id":4145,"href":"https:\/\/businessangelinstitute.org\/de\/wp-json\/wp\/v2\/pages\/512\/revisions\/4145"}],"up":[{"embeddable":true,"href":"https:\/\/businessangelinstitute.org\/de\/wp-json\/wp\/v2\/pages\/499"}],"wp:featuredmedia":[{"embeddable":true,"href":"https:\/\/businessangelinstitute.org\/de\/wp-json\/wp\/v2\/media\/4146"}],"wp:attachment":[{"href":"https:\/\/businessangelinstitute.org\/de\/wp-json\/wp\/v2\/media?parent=512"}],"curies":[{"name":"wp","href":"https:\/\/api.w.org\/{rel}","templated":true}]}}