{"id":582,"date":"2015-05-31T15:15:06","date_gmt":"2015-05-31T15:15:06","guid":{"rendered":"http:\/\/test.kriesi.at\/church\/?page_id=376"},"modified":"2022-09-20T12:32:52","modified_gmt":"2022-09-20T10:32:52","slug":"management","status":"publish","type":"page","link":"https:\/\/businessangelinstitute.org\/de\/management\/","title":{"rendered":"Management Team"},"content":{"rendered":"<\/div><\/div><\/div><!-- close content main div --><\/div><\/div><div id='av_section_1' class='avia-section main_color avia-section-no-padding avia-no-shadow avia-full-stretch av-section-color-overlay-active avia-bg-style-fixed   av-minimum-height av-minimum-height-custom container_wrap fullsize' style = 'background-repeat: no-repeat; background-image: url(https:\/\/businessangelinstitute.org\/de\/wp-content\/uploads\/sites\/10\/Mngment-Board-klein.jpg);background-attachment: fixed; background-position: top center; ' data-section-bg-repeat='stretch' ><div class='av-section-color-overlay-wrap'><div class='av-section-color-overlay' style='opacity: 0.2; background-color: #000000; '><\/div><div class='container' style='height:300px'><div class='template-page content  av-content-full alpha units'><div class='post-entry post-entry-type-page post-entry-582'><div class='entry-content-wrapper clearfix'>\n<div style='padding-bottom:0px; color:#ffffff;font-size:50px;' class='av-special-heading av-special-heading-h3 custom-color-heading blockquote modern-quote modern-centered  av-inherit-size '><h3 class='av-special-heading-tag '  itemprop=\"headline\"  >Management Team<\/h3><div class ='av-subheading av-subheading_below av_custom_color ' style='font-size:15px;'><p>Wir verbinden Forschung mit Know-How aus der Praxis<\/p>\n<\/div><div class='special-heading-border'><div class='special-heading-inner-border' style='border-color:#ffffff'><\/div><\/div><\/div>\n\n<\/div><\/div><\/div><!-- close content main div --><\/div><\/div><\/div><div id='av_section_2' class='avia-section alternate_color avia-section-default avia-no-border-styling avia-bg-style-scroll   container_wrap fullsize' style = 'background-color: #f4752b; background-image: '  ><div class='container' ><div class='template-page content  av-content-full alpha units'><div class='post-entry post-entry-type-page post-entry-582'><div class='entry-content-wrapper clearfix'>\n<section class=\"av_textblock_section \"  itemscope=\"itemscope\" itemtype=\"https:\/\/schema.org\/CreativeWork\" ><div class='avia_textblock  '   itemprop=\"text\" ><h4>Unser Management Team unterst\u00fctzt Sie gerne. Bei Fragen, Anregungen oder Feedback, <a href=\"https:\/\/businessangelinstitute.org\/de\/contact\/\">kontaktieren<\/a> Sie uns!<\/h4>\n<\/div><\/section>\n\n<\/div><\/div><\/div><!-- close content main div --><\/div><\/div><div id='av_section_3' class='avia-section main_color avia-section-default avia-no-border-styling av-section-color-overlay-active avia-bg-style-scroll   av-minimum-height av-minimum-height-75 container_wrap fullsize' style = 'background-color: #ffffff; background-image: '  ><div class='av-section-color-overlay-wrap'><div class='av-section-color-overlay' style='opacity: 1; '><\/div><div class='container' ><div class='template-page content  av-content-full alpha units'><div class='post-entry post-entry-type-page post-entry-582'><div class='entry-content-wrapper clearfix'>\n<div class='flex_column_table av-equal-height-column-flextable -flextable' style='margin-top:0px; margin-bottom:0px; '><div class=\"flex_column av_one_third  flex_column_table_cell av-equal-height-column av-align-top av-zero-column-padding first  \" style='background: #ffffff; background-color:#ffffff; border-radius:0px; '><section class='avia-team-member  '  itemscope=\"itemscope\" itemtype=\"https:\/\/schema.org\/Person\" ><div class='team-img-container'><img class='avia_image avia_image_team av-team-img-original' src='https:\/\/businessangelinstitute.org\/de\/wp-content\/uploads\/sites\/10\/Venionaire-Team-1-233x300.jpg' alt='Dr. Herwig Rollett'  itemprop=\"image\"  \/><div class='team-social'><div class='team-social-inner'><span class='hidden av_member_url_markup '  itemprop=\"email\" >mailto:hr@businessangelinstitute.org<\/span><a rel='v:url'   class=' avia-team-icon ' href='mailto:hr@businessangelinstitute.org' aria-hidden='true' data-av_icon='\ue805' data-av_iconfont='entypo-fontello'><\/a><\/div><\/div><\/div><h3 class='team-member-name'   itemprop=\"name\" >Dr. Herwig Rollett<\/h3><div class='team-member-job-title '   itemprop=\"jobTitle\" >President<\/div><div class='team-member-description '  itemprop=\"description\"  ><p>Herwig Rollett hat Erfahrung als Wissenschaftler, Unternehmer, Berater und Coach f\u00fcr Kunden von Start-ups bis hin zu gro\u00dfen Organisationen. Er ist ein internationaler Buchautor und sorgt mit seiner besonderen Expertise im Wissensmanagement daf\u00fcr, dass Erkenntnisse den Menschen effektiv zur Verf\u00fcgung gestellt werden.<\/p>\n<\/div><span class='hidden team-member-affiliation'  itemprop=\"affiliation\" >BAI DACH<\/span><\/section><\/div><\/div><!--close column table wrapper. Autoclose: 1 --><div class='flex_column_table av-equal-height-column-flextable -flextable' style='margin-top:0px; margin-bottom:0px; '><div class='av-flex-placeholder'><\/div><div class=\"flex_column av_one_third  flex_column_table_cell av-equal-height-column av-align-top av-zero-column-padding   \" style='background: #ffffff; background-color:#ffffff; border-radius:0px; '><section class='avia-team-member  '  itemscope=\"itemscope\" itemtype=\"https:\/\/schema.org\/Person\" ><div class='team-img-container'><img class='avia_image avia_image_team av-team-img-original' src='https:\/\/businessangelinstitute.org\/de\/wp-content\/uploads\/sites\/10\/Venionaire-Team-233x300.jpg' alt='Mag. Berthold Baurek-Karlic'  itemprop=\"image\"  \/><div class='team-social'><div class='team-social-inner'><span class='hidden av_member_url_markup '  itemprop=\"email\" >mailto:berthold.karlic@<a href=\"https:\/\/www.venionaire.com\/\" data-internallinksmanager029f6b8e52c=\"1\" title=\"Venionaire Capital\">venionaire<\/a>.com<\/span><a rel='v:url'   class=' avia-team-icon ' href='mailto:berthold.karlic@venionaire.com' aria-hidden='true' data-av_icon='\ue805' data-av_iconfont='entypo-fontello'><\/a><\/div><\/div><\/div><h3 class='team-member-name'   itemprop=\"name\" >Mag. Berthold Baurek-Karlic<\/h3><div class='team-member-job-title '   itemprop=\"jobTitle\" >General Secretary<\/div><div class='team-member-description '  itemprop=\"description\"  ><p>Berthold Baurek-Karlic ist ein aktiver Investor mit Schwerpunkt auf disruptiven Technologien. Er ber\u00e4t in den Bereichen Gesch\u00e4ftsentwicklung, Change Management, Finanzen, M&amp;A und Exits. Er hat selbst mehrere Unternehmen gegr\u00fcndet und entwickelt und baut derzeit einen neuen Risikofonds in Europa auf.<\/p>\n<\/div><span class='hidden team-member-affiliation'  itemprop=\"affiliation\" >BAI DACH<\/span><\/section><\/div><\/div><!--close column table wrapper. Autoclose: 1 --><div class='flex_column_table av-equal-height-column-flextable -flextable' style='margin-top:0px; margin-bottom:0px; '><div class='av-flex-placeholder'><\/div><div class=\"flex_column av_one_third  flex_column_table_cell av-equal-height-column av-align-top av-zero-column-padding   \" style='background: #ffffff; background-color:#ffffff; border-radius:0px; '><section class=\"av_textblock_section \"  itemscope=\"itemscope\" itemtype=\"https:\/\/schema.org\/CreativeWork\" ><div class='avia_textblock  '   itemprop=\"text\" ><blockquote>\n<p style=\"text-align: left;\"><strong><span style=\"color: #ffffff;\"><span style=\"color: #000000;\">Bitte beachten Sie:<\/span><\/span><\/strong><\/p>\n<p style=\"text-align: left;\"><span style=\"color: #000000;\">Das Business Angel Institute konzentriert sich auf die Aus- und Weiterbildung f\u00fcr Business Angels sowie auf wissenschaftliche Forschung im Bereich Angel-Investment.\u00a0 <\/span><span style=\"color: #000000;\">Wir agieren nicht als Vermittler zwischen Start-ups und Investoren. Startups, die finanzielle Unterst\u00fctzung suchen, k\u00f6nnen sich an unsere jeweiligen <a style=\"color: #000000;\" href=\"https:\/\/businessangelinstitute.org\/about\/partners\/\">Partner wenden.<\/a><\/span><\/p>\n<\/blockquote>\n<\/div><\/section><\/div><\/div><!--close column table wrapper. Autoclose: 1 --><div style=' margin-top:20px; margin-bottom:20px;'  class='hr hr-custom hr-center hr-icon-yes  '><span class='hr-inner   inner-border-av-border-thin' style=' width:40%; border-color:#ffffff;' ><span class='hr-inner-style'><\/span><\/span><span class='av-seperator-icon' style='color:#ffffff;' aria-hidden='true' data-av_icon='\ue8bf' data-av_iconfont='entypo-fontello'><\/span><span class='hr-inner   inner-border-av-border-thin' style=' width:40%; border-color:#ffffff;' ><span class='hr-inner-style'><\/span><\/span><\/div>\n\n","protected":false},"excerpt":{"rendered":"","protected":false},"author":2,"featured_media":4042,"parent":0,"menu_order":0,"comment_status":"open","ping_status":"open","template":"","meta":{"footnotes":""},"class_list":["post-582","page","type-page","status-publish","has-post-thumbnail","hentry"],"yoast_head":"<!-- This site is optimized with the Yoast SEO Premium plugin v26.4 (Yoast SEO v27.3) - https:\/\/yoast.com\/product\/yoast-seo-premium-wordpress\/ -->\n<title>Management Team | BAI DACH | Forschung &amp; Know-How aus der Praxis<\/title>\n<meta name=\"description\" content=\"Wir verbinden wissenschaftliche Forschung mit praktischer Erfahrung. Unser Management Team steht Ihnen gerne zur Verf\u00fcgung.\" \/>\n<meta name=\"robots\" content=\"index, follow, max-snippet:-1, max-image-preview:large, max-video-preview:-1\" \/>\n<link rel=\"canonical\" href=\"https:\/\/businessangelinstitute.org\/de\/management\/\" \/>\n<meta property=\"og:locale\" content=\"de_DE\" \/>\n<meta property=\"og:type\" content=\"article\" \/>\n<meta property=\"og:title\" content=\"Management Team | BAI DACH\" \/>\n<meta property=\"og:description\" content=\"Wir verbinden wissenschaftliche Forschung mit praktischer Erfahrung. Unser Management Team steht Ihnen gerne zur Verf\u00fcgung.\" \/>\n<meta property=\"og:url\" content=\"https:\/\/businessangelinstitute.org\/de\/management\/\" \/>\n<meta property=\"og:site_name\" content=\"BAI DACH\" \/>\n<meta property=\"article:publisher\" content=\"https:\/\/www.facebook.com\/BusinessAngelInstitute\/\" \/>\n<meta property=\"article:modified_time\" content=\"2022-09-20T10:32:52+00:00\" \/>\n<meta property=\"og:image\" content=\"https:\/\/businessangelinstitute.org\/de\/wp-content\/uploads\/sites\/10\/Untitled-design-1.png\" \/>\n\t<meta property=\"og:image:width\" content=\"1800\" \/>\n\t<meta property=\"og:image:height\" content=\"1000\" \/>\n\t<meta property=\"og:image:type\" content=\"image\/png\" \/>\n<meta name=\"twitter:card\" content=\"summary_large_image\" \/>\n<meta name=\"twitter:title\" content=\"Management Team | BAI DACH\" \/>\n<meta name=\"twitter:description\" content=\"Wir verbinden wissenschaftliche Forschung mit praktischer Erfahrung. Unser Management Team steht Ihnen gerne zur Verf\u00fcgung.\" \/>\n<meta name=\"twitter:site\" content=\"@angel_institute\" \/>\n<meta name=\"twitter:label1\" content=\"Gesch\u00e4tzte Lesezeit\" \/>\n\t<meta name=\"twitter:data1\" content=\"3\u00a0Minuten\" \/>\n<script type=\"application\/ld+json\" class=\"yoast-schema-graph\">{\"@context\":\"https:\\\/\\\/schema.org\",\"@graph\":[{\"@type\":\"WebPage\",\"@id\":\"https:\\\/\\\/businessangelinstitute.org\\\/de\\\/management\\\/\",\"url\":\"https:\\\/\\\/businessangelinstitute.org\\\/de\\\/management\\\/\",\"name\":\"Management Team | BAI DACH | Forschung & Know-How aus der Praxis\",\"isPartOf\":{\"@id\":\"https:\\\/\\\/businessangelinstitute.org\\\/de\\\/#website\"},\"primaryImageOfPage\":{\"@id\":\"https:\\\/\\\/businessangelinstitute.org\\\/de\\\/management\\\/#primaryimage\"},\"image\":{\"@id\":\"https:\\\/\\\/businessangelinstitute.org\\\/de\\\/management\\\/#primaryimage\"},\"thumbnailUrl\":\"https:\\\/\\\/businessangelinstitute.org\\\/de\\\/wp-content\\\/uploads\\\/sites\\\/10\\\/Untitled-design-1.png\",\"datePublished\":\"2015-05-31T15:15:06+00:00\",\"dateModified\":\"2022-09-20T10:32:52+00:00\",\"description\":\"Wir verbinden wissenschaftliche Forschung mit praktischer Erfahrung. Unser Management Team steht Ihnen gerne zur Verf\u00fcgung.\",\"breadcrumb\":{\"@id\":\"https:\\\/\\\/businessangelinstitute.org\\\/de\\\/management\\\/#breadcrumb\"},\"inLanguage\":\"de\",\"potentialAction\":[{\"@type\":\"ReadAction\",\"target\":[\"https:\\\/\\\/businessangelinstitute.org\\\/de\\\/management\\\/\"]}]},{\"@type\":\"ImageObject\",\"inLanguage\":\"de\",\"@id\":\"https:\\\/\\\/businessangelinstitute.org\\\/de\\\/management\\\/#primaryimage\",\"url\":\"https:\\\/\\\/businessangelinstitute.org\\\/de\\\/wp-content\\\/uploads\\\/sites\\\/10\\\/Untitled-design-1.png\",\"contentUrl\":\"https:\\\/\\\/businessangelinstitute.org\\\/de\\\/wp-content\\\/uploads\\\/sites\\\/10\\\/Untitled-design-1.png\",\"width\":1800,\"height\":1000,\"caption\":\"partner\"},{\"@type\":\"BreadcrumbList\",\"@id\":\"https:\\\/\\\/businessangelinstitute.org\\\/de\\\/management\\\/#breadcrumb\",\"itemListElement\":[{\"@type\":\"ListItem\",\"position\":1,\"name\":\"Home\",\"item\":\"https:\\\/\\\/businessangelinstitute.org\\\/de\\\/\"},{\"@type\":\"ListItem\",\"position\":2,\"name\":\"Management Team\"}]},{\"@type\":\"WebSite\",\"@id\":\"https:\\\/\\\/businessangelinstitute.org\\\/de\\\/#website\",\"url\":\"https:\\\/\\\/businessangelinstitute.org\\\/de\\\/\",\"name\":\"Business Angel Institute\",\"description\":\"Wissen und Know-how f\u00fcr Fr\u00fchphasen-Investoren\",\"publisher\":{\"@id\":\"https:\\\/\\\/businessangelinstitute.org\\\/de\\\/#organization\"},\"potentialAction\":[{\"@type\":\"SearchAction\",\"target\":{\"@type\":\"EntryPoint\",\"urlTemplate\":\"https:\\\/\\\/businessangelinstitute.org\\\/de\\\/?s={search_term_string}\"},\"query-input\":{\"@type\":\"PropertyValueSpecification\",\"valueRequired\":true,\"valueName\":\"search_term_string\"}}],\"inLanguage\":\"de\"},{\"@type\":\"Organization\",\"@id\":\"https:\\\/\\\/businessangelinstitute.org\\\/de\\\/#organization\",\"name\":\"Business Angel Institute\",\"url\":\"https:\\\/\\\/businessangelinstitute.org\\\/de\\\/\",\"logo\":{\"@type\":\"ImageObject\",\"inLanguage\":\"de\",\"@id\":\"https:\\\/\\\/businessangelinstitute.org\\\/de\\\/#\\\/schema\\\/logo\\\/image\\\/\",\"url\":\"https:\\\/\\\/businessangelinstitute.org\\\/de\\\/wp-content\\\/uploads\\\/sites\\\/10\\\/Logo_BAI_final.png\",\"contentUrl\":\"https:\\\/\\\/businessangelinstitute.org\\\/de\\\/wp-content\\\/uploads\\\/sites\\\/10\\\/Logo_BAI_final.png\",\"width\":185,\"height\":56,\"caption\":\"Business Angel Institute\"},\"image\":{\"@id\":\"https:\\\/\\\/businessangelinstitute.org\\\/de\\\/#\\\/schema\\\/logo\\\/image\\\/\"},\"sameAs\":[\"https:\\\/\\\/www.facebook.com\\\/BusinessAngelInstitute\\\/\",\"https:\\\/\\\/x.com\\\/angel_institute\"]}]}<\/script>\n<!-- \/ Yoast SEO Premium plugin. -->","yoast_head_json":{"title":"Management Team | BAI DACH | Forschung & Know-How aus der Praxis","description":"Wir verbinden wissenschaftliche Forschung mit praktischer Erfahrung. Unser Management Team steht Ihnen gerne zur Verf\u00fcgung.","robots":{"index":"index","follow":"follow","max-snippet":"max-snippet:-1","max-image-preview":"max-image-preview:large","max-video-preview":"max-video-preview:-1"},"canonical":"https:\/\/businessangelinstitute.org\/de\/management\/","og_locale":"de_DE","og_type":"article","og_title":"Management Team | BAI DACH","og_description":"Wir verbinden wissenschaftliche Forschung mit praktischer Erfahrung. Unser Management Team steht Ihnen gerne zur Verf\u00fcgung.","og_url":"https:\/\/businessangelinstitute.org\/de\/management\/","og_site_name":"BAI DACH","article_publisher":"https:\/\/www.facebook.com\/BusinessAngelInstitute\/","article_modified_time":"2022-09-20T10:32:52+00:00","og_image":[{"width":1800,"height":1000,"url":"https:\/\/businessangelinstitute.org\/de\/wp-content\/uploads\/sites\/10\/Untitled-design-1.png","type":"image\/png"}],"twitter_card":"summary_large_image","twitter_title":"Management Team | BAI DACH","twitter_description":"Wir verbinden wissenschaftliche Forschung mit praktischer Erfahrung. Unser Management Team steht Ihnen gerne zur Verf\u00fcgung.","twitter_site":"@angel_institute","twitter_misc":{"Gesch\u00e4tzte Lesezeit":"3\u00a0Minuten"},"schema":{"@context":"https:\/\/schema.org","@graph":[{"@type":"WebPage","@id":"https:\/\/businessangelinstitute.org\/de\/management\/","url":"https:\/\/businessangelinstitute.org\/de\/management\/","name":"Management Team | BAI DACH | Forschung & Know-How aus der Praxis","isPartOf":{"@id":"https:\/\/businessangelinstitute.org\/de\/#website"},"primaryImageOfPage":{"@id":"https:\/\/businessangelinstitute.org\/de\/management\/#primaryimage"},"image":{"@id":"https:\/\/businessangelinstitute.org\/de\/management\/#primaryimage"},"thumbnailUrl":"https:\/\/businessangelinstitute.org\/de\/wp-content\/uploads\/sites\/10\/Untitled-design-1.png","datePublished":"2015-05-31T15:15:06+00:00","dateModified":"2022-09-20T10:32:52+00:00","description":"Wir verbinden wissenschaftliche Forschung mit praktischer Erfahrung. Unser Management Team steht Ihnen gerne zur Verf\u00fcgung.","breadcrumb":{"@id":"https:\/\/businessangelinstitute.org\/de\/management\/#breadcrumb"},"inLanguage":"de","potentialAction":[{"@type":"ReadAction","target":["https:\/\/businessangelinstitute.org\/de\/management\/"]}]},{"@type":"ImageObject","inLanguage":"de","@id":"https:\/\/businessangelinstitute.org\/de\/management\/#primaryimage","url":"https:\/\/businessangelinstitute.org\/de\/wp-content\/uploads\/sites\/10\/Untitled-design-1.png","contentUrl":"https:\/\/businessangelinstitute.org\/de\/wp-content\/uploads\/sites\/10\/Untitled-design-1.png","width":1800,"height":1000,"caption":"partner"},{"@type":"BreadcrumbList","@id":"https:\/\/businessangelinstitute.org\/de\/management\/#breadcrumb","itemListElement":[{"@type":"ListItem","position":1,"name":"Home","item":"https:\/\/businessangelinstitute.org\/de\/"},{"@type":"ListItem","position":2,"name":"Management Team"}]},{"@type":"WebSite","@id":"https:\/\/businessangelinstitute.org\/de\/#website","url":"https:\/\/businessangelinstitute.org\/de\/","name":"Business Angel Institute","description":"Wissen und Know-how f\u00fcr Fr\u00fchphasen-Investoren","publisher":{"@id":"https:\/\/businessangelinstitute.org\/de\/#organization"},"potentialAction":[{"@type":"SearchAction","target":{"@type":"EntryPoint","urlTemplate":"https:\/\/businessangelinstitute.org\/de\/?s={search_term_string}"},"query-input":{"@type":"PropertyValueSpecification","valueRequired":true,"valueName":"search_term_string"}}],"inLanguage":"de"},{"@type":"Organization","@id":"https:\/\/businessangelinstitute.org\/de\/#organization","name":"Business Angel Institute","url":"https:\/\/businessangelinstitute.org\/de\/","logo":{"@type":"ImageObject","inLanguage":"de","@id":"https:\/\/businessangelinstitute.org\/de\/#\/schema\/logo\/image\/","url":"https:\/\/businessangelinstitute.org\/de\/wp-content\/uploads\/sites\/10\/Logo_BAI_final.png","contentUrl":"https:\/\/businessangelinstitute.org\/de\/wp-content\/uploads\/sites\/10\/Logo_BAI_final.png","width":185,"height":56,"caption":"Business Angel Institute"},"image":{"@id":"https:\/\/businessangelinstitute.org\/de\/#\/schema\/logo\/image\/"},"sameAs":["https:\/\/www.facebook.com\/BusinessAngelInstitute\/","https:\/\/x.com\/angel_institute"]}]}},"_links":{"self":[{"href":"https:\/\/businessangelinstitute.org\/de\/wp-json\/wp\/v2\/pages\/582","targetHints":{"allow":["GET"]}}],"collection":[{"href":"https:\/\/businessangelinstitute.org\/de\/wp-json\/wp\/v2\/pages"}],"about":[{"href":"https:\/\/businessangelinstitute.org\/de\/wp-json\/wp\/v2\/types\/page"}],"author":[{"embeddable":true,"href":"https:\/\/businessangelinstitute.org\/de\/wp-json\/wp\/v2\/users\/2"}],"replies":[{"embeddable":true,"href":"https:\/\/businessangelinstitute.org\/de\/wp-json\/wp\/v2\/comments?post=582"}],"version-history":[{"count":10,"href":"https:\/\/businessangelinstitute.org\/de\/wp-json\/wp\/v2\/pages\/582\/revisions"}],"predecessor-version":[{"id":4209,"href":"https:\/\/businessangelinstitute.org\/de\/wp-json\/wp\/v2\/pages\/582\/revisions\/4209"}],"wp:featuredmedia":[{"embeddable":true,"href":"https:\/\/businessangelinstitute.org\/de\/wp-json\/wp\/v2\/media\/4042"}],"wp:attachment":[{"href":"https:\/\/businessangelinstitute.org\/de\/wp-json\/wp\/v2\/media?parent=582"}],"curies":[{"name":"wp","href":"https:\/\/api.w.org\/{rel}","templated":true}]}}